{"id":18,"date":"2023-04-02T07:26:09","date_gmt":"2023-04-02T05:26:09","guid":{"rendered":"https:\/\/wptf.themepul.co\/ecofine\/?page_id=18"},"modified":"2025-05-15T11:44:58","modified_gmt":"2025-05-15T09:44:58","slug":"contact","status":"publish","type":"page","link":"https:\/\/declick.ch\/de\/contact\/","title":{"rendered":"Kontakt"},"content":{"rendered":"<div data-elementor-type=\"wp-page\" data-elementor-id=\"18\" class=\"elementor elementor-18\">\r\n\t\t\t\t\t\t\t<div class=\"elementor-element elementor-element-65478be e-flex e-con-boxed e-con e-parent\" data-id=\"65478be\" data-element_type=\"container\" data-settings=\"{&quot;content_width&quot;:&quot;boxed&quot;}\" data-core-v316-plus=\"true\">\r\n\t\t\t\t\t<div class=\"e-con-inner\">\r\n\t\t\t\t<div class=\"elementor-element elementor-element-7f8b2e7 elementor-widget elementor-widget-ecofinecore_about\" data-id=\"7f8b2e7\" data-element_type=\"widget\" data-widget_type=\"ecofinecore_about.default\">\r\n\t\t\t\t<div class=\"elementor-widget-container\">\r\n\t\t\t        <div class=\"about-section-wraper\">\r\n            <div class=\"container\">\r\n            <div class=\"about_content\">\r\n                <div class=\"about-item\">\r\n                 <h4 class=\"about-small-stitle\"> KONTAKTIEREN SIE UNS <\/h4>                 <h2 class=\"about-title\"> Eine Frage?  <\/h2>                  <div class=\"about-des\"> <p>Z\u00f6gern Sie nicht, unser Team f\u00fcr weitere Informationen zu kontaktieren.<\/p> <\/div>                <\/div>\r\n                                            <\/div>\r\n        <\/div>\r\n        <\/div>\r\n        \t\t<\/div>\r\n\t\t\t\t<\/div>\r\n\t\t\t\t\t<\/div>\r\n\t\t\t\t<\/div>\r\n\t\t<div class=\"elementor-element elementor-element-7242fab e-flex e-con-boxed e-con e-parent\" data-id=\"7242fab\" data-element_type=\"container\" data-settings=\"{&quot;content_width&quot;:&quot;boxed&quot;}\" data-core-v316-plus=\"true\">\r\n\t\t\t\t\t<div class=\"e-con-inner\">\r\n\t\t\t\t<div class=\"elementor-element elementor-element-d514cac elementor-widget elementor-widget-ECOFINE_ctf7\" data-id=\"d514cac\" data-element_type=\"widget\" data-widget_type=\"ECOFINE_ctf7.default\">\r\n\t\t\t\t<div class=\"elementor-widget-container\">\r\n\t\t\t        <div class=\"Ecofine-ctf7s-wrapper\">\r\n        \n<div class=\"wpcf7 no-js\" id=\"wpcf7-f2862-o1\" lang=\"en-US\" dir=\"ltr\">\n<div class=\"screen-reader-response\"><p role=\"status\" aria-live=\"polite\" aria-atomic=\"true\"><\/p> <ul><\/ul><\/div>\n<form action=\"\/de\/wp-json\/wp\/v2\/pages\/18#wpcf7-f2862-o1\" method=\"post\" class=\"wpcf7-form init\" aria-label=\"Contact form\" novalidate=\"novalidate\" data-status=\"init\" data-trp-original-action=\"\/de\/wp-json\/wp\/v2\/pages\/18#wpcf7-f2862-o1\">\n<div style=\"display: none;\">\n<input type=\"hidden\" name=\"_wpcf7\" value=\"2862\" \/>\n<input type=\"hidden\" name=\"_wpcf7_version\" value=\"5.9.7\" \/>\n<input type=\"hidden\" name=\"_wpcf7_locale\" value=\"en_US\" \/>\n<input type=\"hidden\" name=\"_wpcf7_unit_tag\" value=\"wpcf7-f2862-o1\" \/>\n<input type=\"hidden\" name=\"_wpcf7_container_post\" value=\"0\" \/>\n<input type=\"hidden\" name=\"_wpcf7_posted_data_hash\" value=\"\" \/>\n<\/div>\n<div class=\"eco-contact-from-two-wrappwr\">\n    <div class=\"container\">\n        <div class=\"row\">\n            <div class=\"col-lg-6 col-md-6 col-12\">\n                <div class=\"eco-input-area\">\n                    <span class=\"wpcf7-form-control-wrap\" data-name=\"fname\"><input size=\"40\" maxlength=\"400\" class=\"wpcf7-form-control wpcf7-text wpcf7-validates-as-required\" aria-required=\"true\" aria-invalid=\"false\" placeholder=\"Name &amp; Vorname\" value=\"\" type=\"text\" name=\"fname\" \/><\/span>\n                <\/div>\n            <\/div>\n            <div class=\"col-lg-6 col-md-6 col-12\">\n                <div class=\"eco-input-area\">\n                    <span class=\"wpcf7-form-control-wrap\" data-name=\"email\"><input size=\"40\" maxlength=\"400\" class=\"wpcf7-form-control wpcf7-email wpcf7-validates-as-required wpcf7-text wpcf7-validates-as-email\" aria-required=\"true\" aria-invalid=\"false\" placeholder=\"Ihre E-mail\" value=\"\" type=\"email\" name=\"email\" \/><\/span>\n                <\/div>\n            <\/div>     \n            <div class=\"col-lg-12 col-md-12 col-12\">\n                <div class=\"eco-input-area\">\n                    <span class=\"wpcf7-form-control-wrap\" data-name=\"Subject\"><input size=\"40\" maxlength=\"400\" class=\"wpcf7-form-control wpcf7-text wpcf7-validates-as-required\" aria-required=\"true\" aria-invalid=\"false\" placeholder=\"Thema\" value=\"\" type=\"text\" name=\"Subject\" \/><\/span>\n                <\/div>\n            <\/div>   \n            <div class=\"col-lg-12 col-md-12 col-12\">\n                <div class=\"eco-input-area message\">\n                    <span class=\"wpcf7-form-control-wrap\" data-name=\"message\"><textarea cols=\"10\" rows=\"5\" maxlength=\"2000\" class=\"wpcf7-form-control wpcf7-textarea wpcf7-validates-as-required\" aria-required=\"true\" aria-invalid=\"false\" placeholder=\"Ihre Nachricht\" name=\"message\"><\/textarea><\/span>\n                <\/div>\n                <div class=\"eco-contact-button button\">\n                    <input class=\"wpcf7-form-control wpcf7-submit has-spinner blob-btn\" type=\"submit\" value=\"Absenden\" \/>\n                <\/div>\n            <\/div>\n        <\/div>\n    <\/div>\n    <\/div><div class=\"wpcf7-response-output\" aria-hidden=\"true\"><\/div>\n<input type=\"hidden\" name=\"trp-form-language\" value=\"de\"\/><\/form>\n<\/div>\n        <\/div>\r\n        \t\t<\/div>\r\n\t\t\t\t<\/div>\r\n\t\t\t\t\t<\/div>\r\n\t\t\t\t<\/div>\r\n\t\t<div class=\"elementor-element elementor-element-2b75aaf e-flex e-con-boxed e-con e-parent\" data-id=\"2b75aaf\" data-element_type=\"container\" data-settings=\"{&quot;content_width&quot;:&quot;boxed&quot;}\" data-core-v316-plus=\"true\">\r\n\t\t\t\t\t<div class=\"e-con-inner\">\r\n\t\t\t\t<div class=\"elementor-element elementor-element-f3c665f elementor-widget elementor-widget-heading\" data-id=\"f3c665f\" data-element_type=\"widget\" data-widget_type=\"heading.default\">\r\n\t\t\t\t<div class=\"elementor-widget-container\">\r\n\t\t\t<style>\/*! elementor - v3.17.0 - 08-11-2023 *\/\r\n.elementor-heading-title{padding:0;margin:0;line-height:1}.elementor-widget-heading .elementor-heading-title[class*=elementor-size-]>a{color:inherit;font-size:inherit;line-height:inherit}.elementor-widget-heading .elementor-heading-title.elementor-size-small{font-size:15px}.elementor-widget-heading .elementor-heading-title.elementor-size-medium{font-size:19px}.elementor-widget-heading .elementor-heading-title.elementor-size-large{font-size:29px}.elementor-widget-heading .elementor-heading-title.elementor-size-xl{font-size:39px}.elementor-widget-heading .elementor-heading-title.elementor-size-xxl{font-size:59px}<\/style><h2 class=\"elementor-heading-title elementor-size-default\">Unser Team<\/h2>\t\t<\/div>\r\n\t\t\t\t<\/div>\r\n\t\t\t\t<div class=\"elementor-element elementor-element-d3469f7 elementor-widget elementor-widget-rttm-team-grid\" data-id=\"d3469f7\" data-element_type=\"widget\" data-widget_type=\"rttm-team-grid.default\">\r\n\t\t\t\t<div class=\"elementor-widget-container\">\r\n\t\t\t<div class=\"rt-elementor-container rt-pos-r rt-team-container-elementor rt-hover-zoom_in\" id=\"rt-team-container-4016113361\" data-layout=\"layout1\" data-desktop-col=\"4\" data-tab-col=\"2\" data-mobile-col=\"1\" data-sc-id=\"elementor\" data-rttm-pagination='{\"layout\":\"layout1\",\"dCols\":0,\"tCols\":2,\"mCols\":1,\"postIn\":[],\"postNotIn\":[\"29352\",\"29366\",\"29368\",\"29369\",\"29370\"],\"limit\":12,\"pagination\":false,\"postsPerPage\":\"\",\"order_by\":\"menu_order\",\"order\":\"ASC\",\"department_ids\":[\"66\"],\"designation_ids\":[],\"link\":false,\"fImg\":false,\"fImgSize\":\"team-thumb\",\"customImgSize\":{\"crop\":\"\"},\"character_limit\":0,\"after_short_desc\":\"\",\"visibility\":[\"name\",\"designation\",\"short_bio\",\"email\",\"telephone\",\"mobile\",\"social\"],\"social_profiles\":[],\"posts_loading_type\":\"pagination\",\"load_more_text\":\"Load More\",\"relation\":\"AND\",\"iCol\":4,\"gridType\":\"even\",\"linkType\":\"external_link\",\"popupType\":\"single\",\"target\":\"_self\",\"grayscale\":false,\"stripedRow\":false,\"defaultImgId\":null,\"filter_buttons\":false,\"filters\":[],\"taxFilter\":\"team_department\",\"action_term\":0,\"isoFilterTaxonomy\":\"team_department\",\"filterType\":null,\"hide_all_button\":true,\"tItem\":0,\"fShowAll\":false,\"animation\":\"zoom_in\"}'><div data-title=\"Loading ...\" class=\"rt-row rt-content-loader element-loading layout1 ttp-even ttp-pre-loader\"><div class=\"rt-col-md-3 rt-col-sm-6 rt-col-xs-12   even-grid-item rt-grid-item rt-ready-animation animated fadeIn\" data-id=\"29364\"><div class=\"single-team-area\"><div class=\"single-team\"><figure><img fetchpriority=\"high\" decoding=\"async\" width=\"400\" height=\"400\" src=\"https:\/\/declick.ch\/wp-content\/uploads\/2023\/10\/048-400x400.jpg\" class=\"img-responsive rt-team-img\" alt=\"Marion Monnet-Schild\" \/><\/figure><\/div><div class=\"tlp-content\"><h3><span class=\"team-name\">Marion Monnet-Schild<\/span><\/h3><div class=\"tlp-position\">Gesch\u00e4ftsleiterin<\/div><\/div><\/div><\/div><div class=\"rt-col-md-3 rt-col-sm-6 rt-col-xs-12   even-grid-item rt-grid-item rt-ready-animation animated fadeIn\" data-id=\"29365\"><div class=\"single-team-area\"><div class=\"single-team\"><figure><img decoding=\"async\" width=\"400\" height=\"400\" src=\"https:\/\/declick.ch\/wp-content\/uploads\/2023\/10\/096-400x400.jpg\" class=\"img-responsive rt-team-img\" alt=\"Natascha Grand\" \/><\/figure><\/div><div class=\"tlp-content\"><h3><span class=\"team-name\">Natascha Grand<\/span><\/h3><div class=\"tlp-position\">Animatrice en pr\u00e9vention<\/div><\/div><\/div><\/div><div class=\"rt-col-md-3 rt-col-sm-6 rt-col-xs-12   even-grid-item rt-grid-item rt-ready-animation animated fadeIn\" data-id=\"30319\"><div class=\"single-team-area\"><div class=\"single-team\"><figure><img decoding=\"async\" width=\"400\" height=\"400\" src=\"https:\/\/declick.ch\/wp-content\/uploads\/2024\/11\/WhatsApp-Bild-2024-04-24-um-13.22.29_1e2a82df-400x400.jpg\" class=\"img-responsive rt-team-img\" alt=\"Laetitia Schmidt\" \/><\/figure><\/div><div class=\"tlp-content\"><h3><span class=\"team-name\">Laetitia Schmidt<\/span><\/h3><div class=\"tlp-position\">Animatrice en pr\u00e9vention<\/div><\/div><\/div><\/div><div class=\"rt-col-md-3 rt-col-sm-6 rt-col-xs-12   even-grid-item rt-grid-item rt-ready-animation animated fadeIn\" data-id=\"30364\"><div class=\"single-team-area\"><div class=\"single-team\"><figure><img loading=\"lazy\" decoding=\"async\" width=\"400\" height=\"400\" src=\"https:\/\/declick.ch\/wp-content\/uploads\/2025\/02\/thumbnail_Sandra.Joye1_-400x400.jpg\" class=\"img-responsive rt-team-img\" alt=\"Sandra Joye\" \/><\/figure><\/div><div class=\"tlp-content\"><h3><span class=\"team-name\">Sandra Joye<\/span><\/h3><div class=\"tlp-position\">Fundraising<\/div><\/div><\/div><\/div><div class=\"rt-col-md-3 rt-col-sm-6 rt-col-xs-12   even-grid-item rt-grid-item rt-ready-animation animated fadeIn\" data-id=\"29363\"><div class=\"single-team-area\"><div class=\"single-team\"><figure><img loading=\"lazy\" decoding=\"async\" width=\"400\" height=\"400\" src=\"https:\/\/declick.ch\/wp-content\/uploads\/2023\/10\/029-400x400.jpg\" class=\"img-responsive rt-team-img\" alt=\"Micha\u00ebl Pont\" \/><\/figure><\/div><div class=\"tlp-content\"><h3><span class=\"team-name\">Micha\u00ebl Pont<\/span><\/h3><div class=\"tlp-position\">Animateur en pr\u00e9vention<\/div><\/div><\/div><\/div><div class=\"rt-col-md-3 rt-col-sm-6 rt-col-xs-12   even-grid-item rt-grid-item rt-ready-animation animated fadeIn\" data-id=\"30530\"><div class=\"single-team-area\"><div class=\"single-team\"><figure><img loading=\"lazy\" decoding=\"async\" width=\"400\" height=\"400\" src=\"https:\/\/declick.ch\/wp-content\/uploads\/2025\/10\/A1A0021-400x400.jpg\" class=\"img-responsive rt-team-img\" alt=\"Luca Morganella\" \/><\/figure><\/div><div class=\"tlp-content\"><h3><span class=\"team-name\">Luca Morganella<\/span><\/h3><div class=\"tlp-position\">Concepteur Multim\u00e9dia<\/div><\/div><\/div><\/div><div class=\"rt-col-md-3 rt-col-sm-6 rt-col-xs-12   even-grid-item rt-grid-item rt-ready-animation animated fadeIn\" data-id=\"30532\"><div class=\"single-team-area\"><div class=\"single-team\"><figure><img loading=\"lazy\" decoding=\"async\" width=\"400\" height=\"400\" src=\"https:\/\/declick.ch\/wp-content\/uploads\/2025\/10\/IMG_7585-400x400.jpeg\" class=\"img-responsive rt-team-img\" alt=\"Clara Chevalley\" \/><\/figure><\/div><div class=\"tlp-content\"><h3><span class=\"team-name\">Clara Chevalley<\/span><\/h3><div class=\"tlp-position\">Stagiaire MIDE<\/div><\/div><\/div><\/div><div class=\"rt-col-md-3 rt-col-sm-6 rt-col-xs-12   even-grid-item rt-grid-item rt-ready-animation animated fadeIn\" data-id=\"30535\"><div class=\"single-team-area\"><div class=\"single-team\"><figure><img loading=\"lazy\" decoding=\"async\" width=\"400\" height=\"400\" src=\"https:\/\/declick.ch\/wp-content\/uploads\/2025\/10\/Fichier-1-400x400-1.png\" class=\"img-responsive rt-team-img\" alt=\"Adrian Schwery\" \/><\/figure><\/div><div class=\"tlp-content\"><h3><span class=\"team-name\">Adrian Schwery<\/span><\/h3><div class=\"tlp-position\">Animateur en pr\u00e9vention<\/div><\/div><\/div><\/div><div class=\"rt-loading-overlay full-op\"><\/div><div class=\"rt-loading rt-ball-clip-rotate\"><div><\/div><\/div><\/div><\/div>\t\t<\/div>\r\n\t\t\t\t<\/div>\r\n\t\t\t\t<div class=\"elementor-element elementor-element-2731ad8 elementor-widget elementor-widget-heading\" data-id=\"2731ad8\" data-element_type=\"widget\" data-widget_type=\"heading.default\">\r\n\t\t\t\t<div class=\"elementor-widget-container\">\r\n\t\t\t<h2 class=\"elementor-heading-title elementor-size-default\">Le comit\u00e9<\/h2>\t\t<\/div>\r\n\t\t\t\t<\/div>\r\n\t\t\t\t<div class=\"elementor-element elementor-element-6ba3b67 elementor-widget elementor-widget-rttm-team-grid\" data-id=\"6ba3b67\" data-element_type=\"widget\" data-widget_type=\"rttm-team-grid.default\">\r\n\t\t\t\t<div class=\"elementor-widget-container\">\r\n\t\t\t<div class=\"rt-elementor-container rt-pos-r rt-team-container-elementor rt-hover-zoom_in\" id=\"rt-team-container-1580904545\" data-layout=\"layout1\" data-desktop-col=\"4\" data-tab-col=\"2\" data-mobile-col=\"1\" data-sc-id=\"elementor\" data-rttm-pagination='{\"layout\":\"layout1\",\"dCols\":0,\"tCols\":2,\"mCols\":1,\"postIn\":[],\"postNotIn\":[\"29363\",\"29364\",\"29365\",\"30319\",\"30364\"],\"limit\":12,\"pagination\":false,\"postsPerPage\":\"\",\"order_by\":\"date\",\"order\":\"ASC\",\"department_ids\":[\"67\"],\"designation_ids\":[],\"link\":false,\"fImg\":false,\"fImgSize\":\"team-thumb\",\"customImgSize\":{\"crop\":\"\"},\"character_limit\":0,\"after_short_desc\":\"\",\"visibility\":[\"name\",\"tax_department\",\"short_bio\",\"email\",\"telephone\",\"mobile\",\"social\"],\"social_profiles\":[],\"posts_loading_type\":\"pagination\",\"load_more_text\":\"Load More\",\"relation\":\"AND\",\"iCol\":4,\"gridType\":\"even\",\"linkType\":\"external_link\",\"popupType\":\"single\",\"target\":\"_self\",\"grayscale\":false,\"stripedRow\":false,\"defaultImgId\":null,\"filter_buttons\":false,\"filters\":[],\"taxFilter\":\"team_department\",\"action_term\":0,\"isoFilterTaxonomy\":\"team_department\",\"filterType\":null,\"hide_all_button\":true,\"tItem\":0,\"fShowAll\":false,\"animation\":\"zoom_in\"}'><div data-title=\"Loading ...\" class=\"rt-row rt-content-loader element-loading layout1 ttp-even ttp-pre-loader\"><div class=\"rt-col-md-3 rt-col-sm-6 rt-col-xs-12   even-grid-item rt-grid-item rt-ready-animation animated fadeIn\" data-id=\"29352\"><div class=\"single-team-area\"><div class=\"single-team\"><figure><img loading=\"lazy\" decoding=\"async\" width=\"400\" height=\"400\" src=\"https:\/\/declick.ch\/wp-content\/uploads\/2023\/10\/06-400x400.jpg\" class=\"img-responsive rt-team-img\" alt=\"Martin Tazlari\" \/><\/figure><\/div><div class=\"tlp-content\"><h3><span class=\"team-name\">Martin Tazlari<\/span><\/h3><div class=\"tlp-department\">Vorstand<\/div><\/div><\/div><\/div><div class=\"rt-col-md-3 rt-col-sm-6 rt-col-xs-12   even-grid-item rt-grid-item rt-ready-animation animated fadeIn\" data-id=\"29366\"><div class=\"single-team-area\"><div class=\"single-team\"><figure><img loading=\"lazy\" decoding=\"async\" width=\"400\" height=\"400\" src=\"https:\/\/declick.ch\/wp-content\/uploads\/2023\/10\/037-400x400.jpg\" class=\"img-responsive rt-team-img\" alt=\"St\u00e9phane Rudaz\" \/><\/figure><\/div><div class=\"tlp-content\"><h3><span class=\"team-name\">St\u00e9phane Rudaz<\/span><\/h3><div class=\"tlp-department\">Vorstand<\/div><\/div><\/div><\/div><div class=\"rt-col-md-3 rt-col-sm-6 rt-col-xs-12   even-grid-item rt-grid-item rt-ready-animation animated fadeIn\" data-id=\"29368\"><div class=\"single-team-area\"><div class=\"single-team\"><figure><img loading=\"lazy\" decoding=\"async\" width=\"400\" height=\"400\" src=\"https:\/\/declick.ch\/wp-content\/uploads\/2023\/10\/086-400x400.jpg\" class=\"img-responsive rt-team-img\" alt=\"Am\u00e9lie Ballif\" \/><\/figure><\/div><div class=\"tlp-content\"><h3><span class=\"team-name\">Am\u00e9lie Ballif<\/span><\/h3><div class=\"tlp-department\">Vorstand<\/div><\/div><\/div><\/div><div class=\"rt-col-md-3 rt-col-sm-6 rt-col-xs-12   even-grid-item rt-grid-item rt-ready-animation animated fadeIn\" data-id=\"29369\"><div class=\"single-team-area\"><div class=\"single-team\"><figure><img loading=\"lazy\" decoding=\"async\" width=\"400\" height=\"400\" src=\"https:\/\/declick.ch\/wp-content\/uploads\/2023\/10\/0101-400x400.jpg\" class=\"img-responsive rt-team-img\" alt=\"Alexandre Berclaz\" \/><\/figure><\/div><div class=\"tlp-content\"><h3><span class=\"team-name\">Alexandre Berclaz<\/span><\/h3><div class=\"tlp-department\">Vorstand<\/div><\/div><\/div><\/div><div class=\"rt-col-md-3 rt-col-sm-6 rt-col-xs-12   even-grid-item rt-grid-item rt-ready-animation animated fadeIn\" data-id=\"29370\"><div class=\"single-team-area\"><div class=\"single-team\"><figure><img loading=\"lazy\" decoding=\"async\" width=\"400\" height=\"400\" src=\"https:\/\/declick.ch\/wp-content\/uploads\/2023\/10\/Fichier-1-400x400.png\" class=\"img-responsive rt-team-img\" alt=\"Mathieu Carruzzo\" \/><\/figure><\/div><div class=\"tlp-content\"><h3><span class=\"team-name\">Mathieu Carruzzo<\/span><\/h3><div class=\"tlp-department\">Vorstand<\/div><\/div><\/div><\/div><div class=\"rt-loading-overlay full-op\"><\/div><div class=\"rt-loading rt-ball-clip-rotate\"><div><\/div><\/div><\/div><\/div>\t\t<\/div>\r\n\t\t\t\t<\/div>\r\n\t\t\t\t\t<\/div>\r\n\t\t\t\t<\/div>\r\n\t\t\t\t\t\t\t<\/div>","protected":false},"excerpt":{"rendered":"<p>NOUS CONTACTER Une question ? N&#8217;h\u00e9sitez pas \u00e0 contacter notre \u00e9quipe pour plus d&#8217;informations Notre \u00e9quipe Marion Monnet-Schild Directrice Natascha Grand Educatrice sociale Laetitia Schmidt Educatrice sociale Sandra Joye Fundraising Micha\u00ebl Pont Educateur social Le comit\u00e9 Martin Tazlari Comit\u00e9 St\u00e9phane Rudaz Comit\u00e9 Am\u00e9lie Ballif Comit\u00e9 Alexandre Berclaz Comit\u00e9 Mathieu Carruzzo Comit\u00e9<\/p>","protected":false},"author":1,"featured_media":0,"parent":0,"menu_order":0,"comment_status":"closed","ping_status":"closed","template":"","meta":{"om_disable_all_campaigns":false,"_monsterinsights_skip_tracking":false,"_monsterinsights_sitenote_active":false,"_monsterinsights_sitenote_note":"","_monsterinsights_sitenote_category":0,"_uf_show_specific_survey":0,"_uf_disable_surveys":false,"footnotes":""},"class_list":["post-18","page","type-page","status-publish","hentry"],"aioseo_notices":[],"_links":{"self":[{"href":"https:\/\/declick.ch\/de\/wp-json\/wp\/v2\/pages\/18","targetHints":{"allow":["GET"]}}],"collection":[{"href":"https:\/\/declick.ch\/de\/wp-json\/wp\/v2\/pages"}],"about":[{"href":"https:\/\/declick.ch\/de\/wp-json\/wp\/v2\/types\/page"}],"author":[{"embeddable":true,"href":"https:\/\/declick.ch\/de\/wp-json\/wp\/v2\/users\/1"}],"replies":[{"embeddable":true,"href":"https:\/\/declick.ch\/de\/wp-json\/wp\/v2\/comments?post=18"}],"version-history":[{"count":48,"href":"https:\/\/declick.ch\/de\/wp-json\/wp\/v2\/pages\/18\/revisions"}],"predecessor-version":[{"id":30406,"href":"https:\/\/declick.ch\/de\/wp-json\/wp\/v2\/pages\/18\/revisions\/30406"}],"wp:attachment":[{"href":"https:\/\/declick.ch\/de\/wp-json\/wp\/v2\/media?parent=18"}],"curies":[{"name":"wp","href":"https:\/\/api.w.org\/{rel}","templated":true}]}}