{"id":29146,"date":"2023-10-27T14:02:29","date_gmt":"2023-10-27T12:02:29","guid":{"rendered":"https:\/\/dev.declick.ch\/?page_id=29146"},"modified":"2023-11-03T18:34:30","modified_gmt":"2023-11-03T17:34:30","slug":"enseignants","status":"publish","type":"page","link":"https:\/\/declick.ch\/de\/enseignants\/","title":{"rendered":"Lehrkr\u00e4fte"},"content":{"rendered":"<div data-elementor-type=\"wp-page\" data-elementor-id=\"29146\" class=\"elementor elementor-29146\">\r\n\t\t\t\t\t\t\t<div class=\"elementor-element elementor-element-76010b0 e-flex e-con-boxed e-con e-parent\" data-id=\"76010b0\" data-element_type=\"container\" data-settings=\"{&quot;content_width&quot;:&quot;boxed&quot;}\" data-core-v316-plus=\"true\">\r\n\t\t\t\t\t<div class=\"e-con-inner\">\r\n\t\t\t\t<div class=\"elementor-element elementor-element-0b31a2a elementor-widget elementor-widget-text-editor\" data-id=\"0b31a2a\" data-element_type=\"widget\" data-widget_type=\"text-editor.default\">\r\n\t\t\t\t<div class=\"elementor-widget-container\">\r\n\t\t\t<style>\/*! elementor - v3.17.0 - 08-11-2023 *\/\r\n.elementor-widget-text-editor.elementor-drop-cap-view-stacked .elementor-drop-cap{background-color:#69727d;color:#fff}.elementor-widget-text-editor.elementor-drop-cap-view-framed .elementor-drop-cap{color:#69727d;border:3px solid;background-color:transparent}.elementor-widget-text-editor:not(.elementor-drop-cap-view-default) .elementor-drop-cap{margin-top:8px}.elementor-widget-text-editor:not(.elementor-drop-cap-view-default) .elementor-drop-cap-letter{width:1em;height:1em}.elementor-widget-text-editor .elementor-drop-cap{float:left;text-align:center;line-height:1;font-size:50px}.elementor-widget-text-editor .elementor-drop-cap-letter{display:inline-block}<\/style>\t\t\t\t<h5 class=\"vc_custom_heading\">Les nouvelles g\u00e9n\u00e9rations dites Y &amp; Z semblent parfois hyperconnect\u00e9es et peuvent \u00eatre plus rapidement confront\u00e9es \u00e0 du contenu inadapt\u00e9. Les enseignants se retrouvent r\u00e9guli\u00e8rement face \u00e0 des probl\u00e9matiques li\u00e9es \u00e0 l&#8217;utilisation des \u00e9crans par les \u00e9l\u00e8ves, que ce soit dans le cadre priv\u00e9 ou scolaire.<\/h5>\t\t\t\t\t\t<\/div>\r\n\t\t\t\t<\/div>\r\n\t\t<div class=\"elementor-element elementor-element-a8be7be e-flex e-con-boxed e-con e-child\" data-id=\"a8be7be\" data-element_type=\"container\" data-settings=\"{&quot;content_width&quot;:&quot;boxed&quot;}\">\r\n\t\t\t\t\t<div class=\"e-con-inner\">\r\n\t\t<div class=\"elementor-element elementor-element-b5f4423 e-con-full e-flex e-con e-child\" data-id=\"b5f4423\" data-element_type=\"container\" data-settings=\"{&quot;content_width&quot;:&quot;full&quot;}\">\r\n\t\t<div class=\"elementor-element elementor-element-9d56355 e-con-full e-flex e-con e-child\" data-id=\"9d56355\" data-element_type=\"container\" data-settings=\"{&quot;content_width&quot;:&quot;full&quot;}\">\r\n\t\t<div class=\"elementor-element elementor-element-cd331ca e-con-full e-flex e-con e-child\" data-id=\"cd331ca\" data-element_type=\"container\" data-settings=\"{&quot;content_width&quot;:&quot;full&quot;}\">\r\n\t\t\t\t<div class=\"elementor-element elementor-element-528ad60 elementor-widget elementor-widget-heading\" data-id=\"528ad60\" data-element_type=\"widget\" data-widget_type=\"heading.default\">\r\n\t\t\t\t<div class=\"elementor-widget-container\">\r\n\t\t\t<style>\/*! elementor - v3.17.0 - 08-11-2023 *\/\r\n.elementor-heading-title{padding:0;margin:0;line-height:1}.elementor-widget-heading .elementor-heading-title[class*=elementor-size-]>a{color:inherit;font-size:inherit;line-height:inherit}.elementor-widget-heading .elementor-heading-title.elementor-size-small{font-size:15px}.elementor-widget-heading .elementor-heading-title.elementor-size-medium{font-size:19px}.elementor-widget-heading .elementor-heading-title.elementor-size-large{font-size:29px}.elementor-widget-heading .elementor-heading-title.elementor-size-xl{font-size:39px}.elementor-widget-heading .elementor-heading-title.elementor-size-xxl{font-size:59px}<\/style><h2 class=\"elementor-heading-title elementor-size-default\">Beschreibung<\/h2>\t\t<\/div>\r\n\t\t\t\t<\/div>\r\n\t\t\t\t<div class=\"elementor-element elementor-element-8896382 elementor-widget elementor-widget-text-editor\" data-id=\"8896382\" data-element_type=\"widget\" data-widget_type=\"text-editor.default\">\r\n\t\t\t\t<div class=\"elementor-widget-container\">\r\n\t\t\t\t\t\t\t<div class=\"wpb_text_column wpb_content_element  vc_custom_1685474580984\"><div class=\"wpb_wrapper\"><p>Wir bieten Fortbildungen f\u00fcr Lehrkr\u00e4fte an, um mit ihnen \u00fcber digitale Themen zu sprechen, die ihren Sch\u00fclerinnen und Sch\u00fclern begegnen, aber auch, um sie dazu zu bringen, ihren eigenen Konsum kritisch zu betrachten.<\/p><\/div><\/div><div class=\"wpb_text_column wpb_content_element\"><div class=\"wpb_wrapper\"><p>Die folgenden Begriffe werden behandelt:<\/p><\/div><\/div>\t\t\t\t\t\t<\/div>\r\n\t\t\t\t<\/div>\r\n\t\t\t\t<div class=\"elementor-element elementor-element-7f3e2f4 elementor-widget elementor-widget-eco_eco-v2\" data-id=\"7f3e2f4\" data-element_type=\"widget\" data-widget_type=\"eco_eco-v2.default\">\r\n\t\t\t\t<div class=\"elementor-widget-container\">\r\n\t\t\t        <div class=\"ecofine_list-wrapper\">\r\n            <div class=\"container-Full\">\r\n                <div class=\"row\">\r\n                                            <div class=\"col-xl-12 col-lg-12 col-md-12 col-12\">\r\n                            <div class=\"Eco-list-box\">\r\n                                <div class=\"eco-icon-list\">\r\n                                    <div class=\"eco-list-icon\">\r\n                                        <i aria-hidden=\"true\" class=\"bi bi-check2\"><\/i>                                    <\/div>\r\n                                <\/div>\r\n                                <div class=\"list-content-area\">\r\n\t\t\t\t\t\t\t\t\t \t\t\t\t\t\t\t\t\t\t<h3 class=\"list-title\"> \r\n\t\t\t\t\t\t\t\t\t\t\t\t\t\t\t\t\t\t\t\t\t\tNutzung von Videospielen und Standards\t\t\t\t\t\t\t\t\t\t\t\t\t\t\t\t\t\t\t\t\t<\/h3>\r\n\t\t\t\t\t\t\t\t \t\t\t\t\t\t\t\t\t\t                                <\/div>\r\n                            <\/div>\r\n                        <\/div>\r\n                                            <div class=\"col-xl-12 col-lg-12 col-md-12 col-12\">\r\n                            <div class=\"Eco-list-box\">\r\n                                <div class=\"eco-icon-list\">\r\n                                    <div class=\"eco-list-icon\">\r\n                                        <i aria-hidden=\"true\" class=\"bi bi-check2\"><\/i>                                    <\/div>\r\n                                <\/div>\r\n                                <div class=\"list-content-area\">\r\n\t\t\t\t\t\t\t\t\t \t\t\t\t\t\t\t\t\t\t<h3 class=\"list-title\"> \r\n\t\t\t\t\t\t\t\t\t\t\t\t\t\t\t\t\t\t\t\t\t\tSchutz der eigenen Identit\u00e4t auf sozialen Netzwerken\t\t\t\t\t\t\t\t\t\t\t\t\t\t\t\t\t\t\t\t\t<\/h3>\r\n\t\t\t\t\t\t\t\t \t\t\t\t\t\t\t\t\t\t                                <\/div>\r\n                            <\/div>\r\n                        <\/div>\r\n                                            <div class=\"col-xl-12 col-lg-12 col-md-12 col-12\">\r\n                            <div class=\"Eco-list-box\">\r\n                                <div class=\"eco-icon-list\">\r\n                                    <div class=\"eco-list-icon\">\r\n                                        <i aria-hidden=\"true\" class=\"bi bi-check2\"><\/i>                                    <\/div>\r\n                                <\/div>\r\n                                <div class=\"list-content-area\">\r\n\t\t\t\t\t\t\t\t\t \t\t\t\t\t\t\t\t\t\t<h3 class=\"list-title\"> \r\n\t\t\t\t\t\t\t\t\t\t\t\t\t\t\t\t\t\t\t\t\t\tHandlungsm\u00f6glichkeiten im Falle von Cybermobbing oder Sexting\t\t\t\t\t\t\t\t\t\t\t\t\t\t\t\t\t\t\t\t\t<\/h3>\r\n\t\t\t\t\t\t\t\t \t\t\t\t\t\t\t\t\t\t                                <\/div>\r\n                            <\/div>\r\n                        <\/div>\r\n                                            <div class=\"col-xl-12 col-lg-12 col-md-12 col-12\">\r\n                            <div class=\"Eco-list-box\">\r\n                                <div class=\"eco-icon-list\">\r\n                                    <div class=\"eco-list-icon\">\r\n                                        <i aria-hidden=\"true\" class=\"bi bi-check2\"><\/i>                                    <\/div>\r\n                                <\/div>\r\n                                <div class=\"list-content-area\">\r\n\t\t\t\t\t\t\t\t\t \t\t\t\t\t\t\t\t\t\t<h3 class=\"list-title\"> \r\n\t\t\t\t\t\t\t\t\t\t\t\t\t\t\t\t\t\t\t\t\t\tAnzeichen von Hyperkonnektivit\u00e4t\t\t\t\t\t\t\t\t\t\t\t\t\t\t\t\t\t\t\t\t\t<\/h3>\r\n\t\t\t\t\t\t\t\t \t\t\t\t\t\t\t\t\t\t                                <\/div>\r\n                            <\/div>\r\n                        <\/div>\r\n                                            <div class=\"col-xl-12 col-lg-12 col-md-12 col-12\">\r\n                            <div class=\"Eco-list-box\">\r\n                                <div class=\"eco-icon-list\">\r\n                                    <div class=\"eco-list-icon\">\r\n                                        <i aria-hidden=\"true\" class=\"bi bi-check2\"><\/i>                                    <\/div>\r\n                                <\/div>\r\n                                <div class=\"list-content-area\">\r\n\t\t\t\t\t\t\t\t\t \t\t\t\t\t\t\t\t\t\t<h3 class=\"list-title\"> \r\n\t\t\t\t\t\t\t\t\t\t\t\t\t\t\t\t\t\t\t\t\t\tKritischer Blick auf das eigene Nutzungsverhalten\t\t\t\t\t\t\t\t\t\t\t\t\t\t\t\t\t\t\t\t\t<\/h3>\r\n\t\t\t\t\t\t\t\t \t\t\t\t\t\t\t\t\t\t                                <\/div>\r\n                            <\/div>\r\n                        <\/div>\r\n                                            <div class=\"col-xl-12 col-lg-12 col-md-12 col-12\">\r\n                            <div class=\"Eco-list-box\">\r\n                                <div class=\"eco-icon-list\">\r\n                                    <div class=\"eco-list-icon\">\r\n                                        <i aria-hidden=\"true\" class=\"bi bi-check2\"><\/i>                                    <\/div>\r\n                                <\/div>\r\n                                <div class=\"list-content-area\">\r\n\t\t\t\t\t\t\t\t\t \t\t\t\t\t\t\t\t\t\t<h3 class=\"list-title\"> \r\n\t\t\t\t\t\t\t\t\t\t\t\t\t\t\t\t\t\t\t\t\t\tWelche Herausforderungen entstehen im Zusammenhang mit K\u00fcnstlicher Intelligenz und welche M\u00f6glichkeiten bietet diese f\u00fcr den Unterricht?\t\t\t\t\t\t\t\t\t\t\t\t\t\t\t\t\t\t\t\t\t<\/h3>\r\n\t\t\t\t\t\t\t\t \t\t\t\t\t\t\t\t\t\t                                <\/div>\r\n                            <\/div>\r\n                        <\/div>\r\n                                            <div class=\"col-xl-12 col-lg-12 col-md-12 col-12\">\r\n                            <div class=\"Eco-list-box\">\r\n                                <div class=\"eco-icon-list\">\r\n                                    <div class=\"eco-list-icon\">\r\n                                        <i aria-hidden=\"true\" class=\"bi bi-check2\"><\/i>                                    <\/div>\r\n                                <\/div>\r\n                                <div class=\"list-content-area\">\r\n\t\t\t\t\t\t\t\t\t \t\t\t\t\t\t\t\t\t\t<h3 class=\"list-title\"> \r\n\t\t\t\t\t\t\t\t\t\t\t\t\t\t\t\t\t\t\t\t\t\tWie kann ich Jugendliche zu diesen Themen sensibilisieren?\t\t\t\t\t\t\t\t\t\t\t\t\t\t\t\t\t\t\t\t\t<\/h3>\r\n\t\t\t\t\t\t\t\t \t\t\t\t\t\t\t\t\t\t                                <\/div>\r\n                            <\/div>\r\n                        <\/div>\r\n                                    <\/div>\r\n            <\/div>\r\n        <\/div>\r\n    \t\t<\/div>\r\n\t\t\t\t<\/div>\r\n\t\t\t\t<\/div>\r\n\t\t<div class=\"elementor-element elementor-element-281a13b e-con-full e-flex e-con e-child\" data-id=\"281a13b\" data-element_type=\"container\" data-settings=\"{&quot;content_width&quot;:&quot;full&quot;}\">\r\n\t\t\t\t<div class=\"elementor-element elementor-element-d145dd0 elementor-widget elementor-widget-eco_image\" data-id=\"d145dd0\" data-element_type=\"widget\" data-widget_type=\"eco_image.default\">\r\n\t\t\t\t<div class=\"elementor-widget-container\">\r\n\t\t\t            <div class=\"eco-image-wrapper\">\r\n                <div class=\"eco-image\">\r\n                    <img fetchpriority=\"high\" decoding=\"async\" width=\"1500\" height=\"857\" src=\"https:\/\/declick.ch\/wp-content\/uploads\/2023\/10\/29154.jpg\" class=\"attachment-full size-full wp-image-29158\" alt=\"\" srcset=\"https:\/\/declick.ch\/wp-content\/uploads\/2023\/10\/29154.jpg 1500w, https:\/\/declick.ch\/wp-content\/uploads\/2023\/10\/29154-300x171.jpg 300w, https:\/\/declick.ch\/wp-content\/uploads\/2023\/10\/29154-1024x585.jpg 1024w, https:\/\/declick.ch\/wp-content\/uploads\/2023\/10\/29154-768x439.jpg 768w, https:\/\/declick.ch\/wp-content\/uploads\/2023\/10\/29154-18x10.jpg 18w, https:\/\/declick.ch\/wp-content\/uploads\/2023\/10\/29154-600x343.jpg 600w\" sizes=\"(max-width: 1500px) 100vw, 1500px\" \/>                <\/div>\r\n            <\/div>\r\n        \t\t<\/div>\r\n\t\t\t\t<\/div>\r\n\t\t\t\t<\/div>\r\n\t\t\t\t<\/div>\r\n\t\t\t\t<\/div>\r\n\t\t\t\t\t<\/div>\r\n\t\t\t\t<\/div>\r\n\t\t\t\t<div class=\"elementor-element elementor-element-ab2dccc elementor-widget elementor-widget-text-editor\" data-id=\"ab2dccc\" data-element_type=\"widget\" data-widget_type=\"text-editor.default\">\r\n\t\t\t\t<div class=\"elementor-widget-container\">\r\n\t\t\t\t\t\t\t<p>* Diese Weiterbildung wird von der HEP-VS des Kanton Wallis finanziert.<\/p>\t\t\t\t\t\t<\/div>\r\n\t\t\t\t<\/div>\r\n\t\t\t\t\t<\/div>\r\n\t\t\t\t<\/div>\r\n\t\t<div class=\"elementor-element elementor-element-63fd8a2 e-flex e-con-boxed e-con e-parent\" data-id=\"63fd8a2\" data-element_type=\"container\" data-settings=\"{&quot;content_width&quot;:&quot;boxed&quot;}\" data-core-v316-plus=\"true\">\r\n\t\t\t\t\t<div class=\"e-con-inner\">\r\n\t\t\t\t<div class=\"elementor-element elementor-element-7934a56 elementor-widget elementor-widget-eco_icon_box\" data-id=\"7934a56\" data-element_type=\"widget\" data-widget_type=\"eco_icon_box.default\">\r\n\t\t\t\t<div class=\"elementor-widget-container\">\r\n\t\t\t        <div class=\"eco-icon-box-wrapper\">\r\n            <div class=\"container\">\r\n                <div class=\"eco-icon-boxs\">\r\n                    <div class=\"row\">\r\n                                                <div class=\"col-xl-4 col-lg-4 col-md-4 col-12\">\r\n                            <div class=\"eco-icon-box-item\">\r\n                                                                            <div class=\"eco-icon\">\r\n                                           <div class=\"eco-icon-position\">\r\n                                            <i aria-hidden=\"true\" class=\"far fa-calendar-alt\"><\/i>                                            <\/div>\r\n                                        <\/div>\r\n                                    \r\n                                                                                                            <h3 class=\"icon-title\">\r\n                                            Verf\u00fcgbarkeit                                        <\/h3>\r\n                                                                                                    <div class=\"icon-description\">\r\n                                    Wir intervenieren in Schulen ausserhalb der Unterrichtszeiten.                                <\/div>\r\n                            <\/div>\r\n                        <\/div>\r\n                                                <div class=\"col-xl-4 col-lg-4 col-md-4 col-12\">\r\n                            <div class=\"eco-icon-box-item\">\r\n                                                                            <div class=\"eco-icon\">\r\n                                           <div class=\"eco-icon-position\">\r\n                                            <i aria-hidden=\"true\" class=\"far fa-clock\"><\/i>                                            <\/div>\r\n                                        <\/div>\r\n                                    \r\n                                                                                                            <h3 class=\"icon-title\">\r\n                                            Dauer                                        <\/h3>\r\n                                                                                                    <div class=\"icon-description\">\r\n                                    Dieser Workshop dauert ca. 3h, aufgeteilt auf zwei Abende, bzw. einem Nachmittag.                                <\/div>\r\n                            <\/div>\r\n                        <\/div>\r\n                                                <div class=\"col-xl-4 col-lg-4 col-md-4 col-12\">\r\n                            <div class=\"eco-icon-box-item\">\r\n                                                                            <div class=\"eco-icon\">\r\n                                           <div class=\"eco-icon-position\">\r\n                                            <i aria-hidden=\"true\" class=\"icofont icofont-price\"><\/i>                                            <\/div>\r\n                                        <\/div>\r\n                                    \r\n                                                                                                            <h3 class=\"icon-title\">\r\n                                            Kosten                                        <\/h3>\r\n                                                                                                    <div class=\"icon-description\">\r\n                                    Z\u00f6gern Sie nicht, uns f\u00fcr ein Angebot zu kontaktieren.                                <\/div>\r\n                            <\/div>\r\n                        <\/div>\r\n                                            <\/div>\r\n                <\/div>\r\n            <\/div>\r\n        <\/div>\r\n        \t\t<\/div>\r\n\t\t\t\t<\/div>\r\n\t\t\t\t\t<\/div>\r\n\t\t\t\t<\/div>\r\n\t\t\t\t\t\t\t<\/div>","protected":false},"excerpt":{"rendered":"<p>Les nouvelles g\u00e9n\u00e9rations dites Y &amp; Z semblent parfois hyperconnect\u00e9es et peuvent \u00eatre plus rapidement confront\u00e9es \u00e0 du contenu inadapt\u00e9. Les enseignants se retrouvent r\u00e9guli\u00e8rement face \u00e0 des probl\u00e9matiques li\u00e9es \u00e0 l&#8217;utilisation des \u00e9crans par les \u00e9l\u00e8ves, que ce soit dans le cadre priv\u00e9 ou scolaire. Descriptif Nous proposons des formations continues pour les enseignants [&hellip;]<\/p>","protected":false},"author":1,"featured_media":0,"parent":0,"menu_order":0,"comment_status":"closed","ping_status":"closed","template":"blank-template.php","meta":{"om_disable_all_campaigns":false,"_monsterinsights_skip_tracking":false,"_monsterinsights_sitenote_active":false,"_monsterinsights_sitenote_note":"","_monsterinsights_sitenote_category":0,"_uf_show_specific_survey":0,"_uf_disable_surveys":false,"footnotes":""},"class_list":["post-29146","page","type-page","status-publish","hentry"],"aioseo_notices":[],"_links":{"self":[{"href":"https:\/\/declick.ch\/de\/wp-json\/wp\/v2\/pages\/29146","targetHints":{"allow":["GET"]}}],"collection":[{"href":"https:\/\/declick.ch\/de\/wp-json\/wp\/v2\/pages"}],"about":[{"href":"https:\/\/declick.ch\/de\/wp-json\/wp\/v2\/types\/page"}],"author":[{"embeddable":true,"href":"https:\/\/declick.ch\/de\/wp-json\/wp\/v2\/users\/1"}],"replies":[{"embeddable":true,"href":"https:\/\/declick.ch\/de\/wp-json\/wp\/v2\/comments?post=29146"}],"version-history":[{"count":23,"href":"https:\/\/declick.ch\/de\/wp-json\/wp\/v2\/pages\/29146\/revisions"}],"predecessor-version":[{"id":29878,"href":"https:\/\/declick.ch\/de\/wp-json\/wp\/v2\/pages\/29146\/revisions\/29878"}],"wp:attachment":[{"href":"https:\/\/declick.ch\/de\/wp-json\/wp\/v2\/media?parent=29146"}],"curies":[{"name":"wp","href":"https:\/\/api.w.org\/{rel}","templated":true}]}}