{"id":29444,"date":"2023-10-28T22:09:10","date_gmt":"2023-10-28T20:09:10","guid":{"rendered":"https:\/\/dev.declick.ch\/?page_id=29444"},"modified":"2023-11-12T16:14:47","modified_gmt":"2023-11-12T15:14:47","slug":"kit-presse","status":"publish","type":"page","link":"https:\/\/declick.ch\/de\/kit-presse\/","title":{"rendered":"Presse-Kit"},"content":{"rendered":"<div data-elementor-type=\"wp-page\" data-elementor-id=\"29444\" class=\"elementor elementor-29444\">\r\n\t\t\t\t\t\t\t<div class=\"elementor-element elementor-element-76010b0 e-flex e-con-boxed e-con e-parent\" data-id=\"76010b0\" data-element_type=\"container\" data-settings=\"{&quot;content_width&quot;:&quot;boxed&quot;}\" data-core-v316-plus=\"true\">\r\n\t\t\t\t\t<div class=\"e-con-inner\">\r\n\t\t\t\t<div class=\"elementor-element elementor-element-0b31a2a elementor-widget elementor-widget-text-editor\" data-id=\"0b31a2a\" data-element_type=\"widget\" data-widget_type=\"text-editor.default\">\r\n\t\t\t\t<div class=\"elementor-widget-container\">\r\n\t\t\t<style>\/*! elementor - v3.17.0 - 08-11-2023 *\/\r\n.elementor-widget-text-editor.elementor-drop-cap-view-stacked .elementor-drop-cap{background-color:#69727d;color:#fff}.elementor-widget-text-editor.elementor-drop-cap-view-framed .elementor-drop-cap{color:#69727d;border:3px solid;background-color:transparent}.elementor-widget-text-editor:not(.elementor-drop-cap-view-default) .elementor-drop-cap{margin-top:8px}.elementor-widget-text-editor:not(.elementor-drop-cap-view-default) .elementor-drop-cap-letter{width:1em;height:1em}.elementor-widget-text-editor .elementor-drop-cap{float:left;text-align:center;line-height:1;font-size:50px}.elementor-widget-text-editor .elementor-drop-cap-letter{display:inline-block}<\/style>\t\t\t\t<h3 class=\"vc_custom_heading\">Pressemitteilung<\/h3>\t\t\t\t\t\t<\/div>\r\n\t\t\t\t<\/div>\r\n\t\t\t\t<div class=\"elementor-element elementor-element-17953e0 elementor-widget elementor-widget-ecofinecore_button\" data-id=\"17953e0\" data-element_type=\"widget\" data-no-translation=\"\" data-widget_type=\"ecofinecore_button.default\">\r\n\t\t\t\t<div class=\"elementor-widget-container\">\r\n\t\t\t<style>.elementor-element-17953e0{display:none !important}<\/style>\t\t<\/div>\r\n\t\t\t\t<\/div>\r\n\t\t\t\t<div class=\"elementor-element elementor-element-7d74a8c elementor-widget elementor-widget-ecofinecore_button\" data-id=\"7d74a8c\" data-element_type=\"widget\" data-no-translation=\"\" data-widget_type=\"ecofinecore_button.default\">\r\n\t\t\t\t<div class=\"elementor-widget-container\">\r\n\t\t\t        <div class=\"theme-button button\">\r\n            <a href=\"https:\/\/declick.ch\/wp-content\/uploads\/2023\/11\/Pressemitteilung-13.11.2023.pdf\" target=\"_blank\" rel=\"nofollow\" class=\"theme-btns\"><span>Pressemitteilung vom 13.11.2023<i class=\"fas fa-angle-double-right\"><\/i> <\/span><\/a>\r\n        <\/div>\r\n        \t\t<\/div>\r\n\t\t\t\t<\/div>\r\n\t\t\t\t\t<\/div>\r\n\t\t\t\t<\/div>\r\n\t\t<div class=\"elementor-element elementor-element-b72aca1 e-flex e-con-boxed e-con e-parent\" data-id=\"b72aca1\" data-element_type=\"container\" data-settings=\"{&quot;content_width&quot;:&quot;boxed&quot;}\" data-core-v316-plus=\"true\">\r\n\t\t\t\t\t<div class=\"e-con-inner\">\r\n\t\t\t\t<div class=\"elementor-element elementor-element-0a6841f elementor-widget elementor-widget-text-editor\" data-id=\"0a6841f\" data-element_type=\"widget\" data-widget_type=\"text-editor.default\">\r\n\t\t\t\t<div class=\"elementor-widget-container\">\r\n\t\t\t\t\t\t\t<h3 class=\"vc_custom_heading\">R\u00e9cup\u00e9rez ici les diff\u00e9rents \u00e9l\u00e9ments de la charte graphique de l&#8217;association<\/h3>\t\t\t\t\t\t<\/div>\r\n\t\t\t\t<\/div>\r\n\t\t\t\t<div class=\"elementor-element elementor-element-ae51ea2 elementor-widget elementor-widget-ecofinecore_button\" data-id=\"ae51ea2\" data-element_type=\"widget\" data-widget_type=\"ecofinecore_button.default\">\r\n\t\t\t\t<div class=\"elementor-widget-container\">\r\n\t\t\t        <div class=\"theme-button button\">\r\n            <a href=\"https:\/\/declick.ch\/wp-content\/uploads\/2023\/10\/declick_guide_utilisation.pdf\" target=\"_blank\" rel=\"nofollow\" class=\"theme-btns\"><span>Benutzerhandbuch herunterladen<i class=\"fas fa-angle-double-right\"><\/i> <\/span><\/a>\r\n        <\/div>\r\n        \t\t<\/div>\r\n\t\t\t\t<\/div>\r\n\t\t\t\t<div class=\"elementor-element elementor-element-651d1f8 elementor-widget elementor-widget-text-editor\" data-id=\"651d1f8\" data-element_type=\"widget\" data-widget_type=\"text-editor.default\">\r\n\t\t\t\t<div class=\"elementor-widget-container\">\r\n\t\t\t\t\t\t\t<h2>Logos<\/h2>\t\t\t\t\t\t<\/div>\r\n\t\t\t\t<\/div>\r\n\t\t\t\t\t<\/div>\r\n\t\t\t\t<\/div>\r\n\t\t<div class=\"elementor-element elementor-element-1258225 e-flex e-con-boxed e-con e-parent\" data-id=\"1258225\" data-element_type=\"container\" data-settings=\"{&quot;content_width&quot;:&quot;boxed&quot;}\" data-core-v316-plus=\"true\">\r\n\t\t\t\t\t<div class=\"e-con-inner\">\r\n\t\t<div class=\"elementor-element elementor-element-1d971a4 e-con-full e-flex e-con e-child\" data-id=\"1d971a4\" data-element_type=\"container\" data-settings=\"{&quot;content_width&quot;:&quot;full&quot;}\">\r\n\t\t\t\t<div class=\"elementor-element elementor-element-db4d39a elementor-widget elementor-widget-text-editor\" data-id=\"db4d39a\" data-element_type=\"widget\" data-widget_type=\"text-editor.default\">\r\n\t\t\t\t<div class=\"elementor-widget-container\">\r\n\t\t\t\t\t\t\t<h3>Offizielles Logo<br \/><br \/><\/h3>\t\t\t\t\t\t<\/div>\r\n\t\t\t\t<\/div>\r\n\t\t\t\t<\/div>\r\n\t\t<div class=\"elementor-element elementor-element-fe97476 e-con-full e-flex e-con e-child\" data-id=\"fe97476\" data-element_type=\"container\" data-settings=\"{&quot;content_width&quot;:&quot;full&quot;}\">\r\n\t\t\t\t<div class=\"elementor-element elementor-element-bdd6e05 elementor-widget elementor-widget-eco_image\" data-id=\"bdd6e05\" data-element_type=\"widget\" data-widget_type=\"eco_image.default\">\r\n\t\t\t\t<div class=\"elementor-widget-container\">\r\n\t\t\t            <div class=\"eco-image-wrapper\">\r\n                <div class=\"eco-image\">\r\n                    <img fetchpriority=\"high\" decoding=\"async\" width=\"2612\" height=\"510\" src=\"https:\/\/declick.ch\/wp-content\/uploads\/2023\/10\/declick_violet-1.png\" class=\"attachment-full size-full wp-image-29446\" alt=\"\" srcset=\"https:\/\/declick.ch\/wp-content\/uploads\/2023\/10\/declick_violet-1.png 2612w, https:\/\/declick.ch\/wp-content\/uploads\/2023\/10\/declick_violet-1-300x59.png 300w, https:\/\/declick.ch\/wp-content\/uploads\/2023\/10\/declick_violet-1-1024x200.png 1024w, https:\/\/declick.ch\/wp-content\/uploads\/2023\/10\/declick_violet-1-768x150.png 768w, https:\/\/declick.ch\/wp-content\/uploads\/2023\/10\/declick_violet-1-1536x300.png 1536w, https:\/\/declick.ch\/wp-content\/uploads\/2023\/10\/declick_violet-1-2048x400.png 2048w, https:\/\/declick.ch\/wp-content\/uploads\/2023\/10\/declick_violet-1-18x4.png 18w, https:\/\/declick.ch\/wp-content\/uploads\/2023\/10\/declick_violet-1-600x117.png 600w\" sizes=\"(max-width: 2612px) 100vw, 2612px\" \/>                <\/div>\r\n            <\/div>\r\n        \t\t<\/div>\r\n\t\t\t\t<\/div>\r\n\t\t\t\t<\/div>\r\n\t\t\t\t\t<\/div>\r\n\t\t\t\t<\/div>\r\n\t\t<div class=\"elementor-element elementor-element-587a40b e-flex e-con-boxed e-con e-parent\" data-id=\"587a40b\" data-element_type=\"container\" data-settings=\"{&quot;content_width&quot;:&quot;boxed&quot;}\" data-core-v316-plus=\"true\">\r\n\t\t\t\t\t<div class=\"e-con-inner\">\r\n\t\t<div class=\"elementor-element elementor-element-205af8c e-con-full e-flex e-con e-child\" data-id=\"205af8c\" data-element_type=\"container\" data-settings=\"{&quot;content_width&quot;:&quot;full&quot;}\">\r\n\t\t\t\t<div class=\"elementor-element elementor-element-11ff408 elementor-widget elementor-widget-text-editor\" data-id=\"11ff408\" data-element_type=\"widget\" data-widget_type=\"text-editor.default\">\r\n\t\t\t\t<div class=\"elementor-widget-container\">\r\n\t\t\t\t\t\t\t<h3>Offizielles Logo - schwarz<\/h3><p>\u00a0<\/p>\t\t\t\t\t\t<\/div>\r\n\t\t\t\t<\/div>\r\n\t\t\t\t<\/div>\r\n\t\t<div class=\"elementor-element elementor-element-116c0ed e-con-full e-flex e-con e-child\" data-id=\"116c0ed\" data-element_type=\"container\" data-settings=\"{&quot;content_width&quot;:&quot;full&quot;}\">\r\n\t\t\t\t<div class=\"elementor-element elementor-element-f263789 elementor-widget elementor-widget-eco_image\" data-id=\"f263789\" data-element_type=\"widget\" data-widget_type=\"eco_image.default\">\r\n\t\t\t\t<div class=\"elementor-widget-container\">\r\n\t\t\t            <div class=\"eco-image-wrapper\">\r\n                <div class=\"eco-image\">\r\n                    <img decoding=\"async\" width=\"2612\" height=\"510\" src=\"https:\/\/declick.ch\/wp-content\/uploads\/2023\/10\/declick_noir.png\" class=\"attachment-full size-full wp-image-29448\" alt=\"\" srcset=\"https:\/\/declick.ch\/wp-content\/uploads\/2023\/10\/declick_noir.png 2612w, https:\/\/declick.ch\/wp-content\/uploads\/2023\/10\/declick_noir-300x59.png 300w, https:\/\/declick.ch\/wp-content\/uploads\/2023\/10\/declick_noir-1024x200.png 1024w, https:\/\/declick.ch\/wp-content\/uploads\/2023\/10\/declick_noir-768x150.png 768w, https:\/\/declick.ch\/wp-content\/uploads\/2023\/10\/declick_noir-1536x300.png 1536w, https:\/\/declick.ch\/wp-content\/uploads\/2023\/10\/declick_noir-2048x400.png 2048w, https:\/\/declick.ch\/wp-content\/uploads\/2023\/10\/declick_noir-18x4.png 18w, https:\/\/declick.ch\/wp-content\/uploads\/2023\/10\/declick_noir-600x117.png 600w\" sizes=\"(max-width: 2612px) 100vw, 2612px\" \/>                <\/div>\r\n            <\/div>\r\n        \t\t<\/div>\r\n\t\t\t\t<\/div>\r\n\t\t\t\t<\/div>\r\n\t\t\t\t\t<\/div>\r\n\t\t\t\t<\/div>\r\n\t\t<div class=\"elementor-element elementor-element-7e9f00b e-flex e-con-boxed e-con e-parent\" data-id=\"7e9f00b\" data-element_type=\"container\" data-settings=\"{&quot;content_width&quot;:&quot;boxed&quot;}\" data-core-v316-plus=\"true\">\r\n\t\t\t\t\t<div class=\"e-con-inner\">\r\n\t\t<div class=\"elementor-element elementor-element-cb8c6ae e-con-full e-flex e-con e-child\" data-id=\"cb8c6ae\" data-element_type=\"container\" data-settings=\"{&quot;content_width&quot;:&quot;full&quot;}\">\r\n\t\t\t\t<div class=\"elementor-element elementor-element-cc3e1af elementor-widget elementor-widget-text-editor\" data-id=\"cc3e1af\" data-element_type=\"widget\" data-widget_type=\"text-editor.default\">\r\n\t\t\t\t<div class=\"elementor-widget-container\">\r\n\t\t\t\t\t\t\t<h3>Offizielles Logo - negativ<\/h3><p>\u00a0<\/p>\t\t\t\t\t\t<\/div>\r\n\t\t\t\t<\/div>\r\n\t\t\t\t<\/div>\r\n\t\t<div class=\"elementor-element elementor-element-49f5e49 e-con-full e-flex e-con e-child\" data-id=\"49f5e49\" data-element_type=\"container\" data-settings=\"{&quot;content_width&quot;:&quot;full&quot;}\">\r\n\t\t\t\t<div class=\"elementor-element elementor-element-fc0ff14 elementor-widget elementor-widget-eco_image\" data-id=\"fc0ff14\" data-element_type=\"widget\" data-widget_type=\"eco_image.default\">\r\n\t\t\t\t<div class=\"elementor-widget-container\">\r\n\t\t\t            <div class=\"eco-image-wrapper\">\r\n                <div class=\"eco-image\">\r\n                    <img decoding=\"async\" width=\"2612\" height=\"510\" src=\"https:\/\/declick.ch\/wp-content\/uploads\/2023\/10\/declick_blanc.png\" class=\"attachment-full size-full wp-image-29447\" alt=\"\" srcset=\"https:\/\/declick.ch\/wp-content\/uploads\/2023\/10\/declick_blanc.png 2612w, https:\/\/declick.ch\/wp-content\/uploads\/2023\/10\/declick_blanc-300x59.png 300w, https:\/\/declick.ch\/wp-content\/uploads\/2023\/10\/declick_blanc-1024x200.png 1024w, https:\/\/declick.ch\/wp-content\/uploads\/2023\/10\/declick_blanc-768x150.png 768w, https:\/\/declick.ch\/wp-content\/uploads\/2023\/10\/declick_blanc-1536x300.png 1536w, https:\/\/declick.ch\/wp-content\/uploads\/2023\/10\/declick_blanc-2048x400.png 2048w, https:\/\/declick.ch\/wp-content\/uploads\/2023\/10\/declick_blanc-18x4.png 18w, https:\/\/declick.ch\/wp-content\/uploads\/2023\/10\/declick_blanc-600x117.png 600w\" sizes=\"(max-width: 2612px) 100vw, 2612px\" \/>                <\/div>\r\n            <\/div>\r\n        \t\t<\/div>\r\n\t\t\t\t<\/div>\r\n\t\t\t\t<\/div>\r\n\t\t\t\t\t<\/div>\r\n\t\t\t\t<\/div>\r\n\t\t<div class=\"elementor-element elementor-element-3d4c5c1 e-flex e-con-boxed e-con e-parent\" data-id=\"3d4c5c1\" data-element_type=\"container\" data-settings=\"{&quot;content_width&quot;:&quot;boxed&quot;}\" data-core-v316-plus=\"true\">\r\n\t\t\t\t\t<div class=\"e-con-inner\">\r\n\t\t\t\t<div class=\"elementor-element elementor-element-0ccbf63 elementor-widget elementor-widget-text-editor\" data-id=\"0ccbf63\" data-element_type=\"widget\" data-widget_type=\"text-editor.default\">\r\n\t\t\t\t<div class=\"elementor-widget-container\">\r\n\t\t\t\t\t\t\t<h2>Pictrogramme<\/h2>\t\t\t\t\t\t<\/div>\r\n\t\t\t\t<\/div>\r\n\t\t\t\t\t<\/div>\r\n\t\t\t\t<\/div>\r\n\t\t<div class=\"elementor-element elementor-element-085b13c e-flex e-con-boxed e-con e-parent\" data-id=\"085b13c\" data-element_type=\"container\" data-settings=\"{&quot;content_width&quot;:&quot;boxed&quot;}\" data-core-v316-plus=\"true\">\r\n\t\t\t\t\t<div class=\"e-con-inner\">\r\n\t\t\t\t<div class=\"elementor-element elementor-element-da46d44 elementor-widget elementor-widget-eco_image\" data-id=\"da46d44\" data-element_type=\"widget\" data-widget_type=\"eco_image.default\">\r\n\t\t\t\t<div class=\"elementor-widget-container\">\r\n\t\t\t            <div class=\"eco-image-wrapper\">\r\n                <div class=\"eco-image\">\r\n                    <img loading=\"lazy\" decoding=\"async\" width=\"884\" height=\"510\" src=\"https:\/\/declick.ch\/wp-content\/uploads\/2023\/10\/dc_ck_violet.png\" class=\"attachment-full size-full wp-image-29451\" alt=\"\" srcset=\"https:\/\/declick.ch\/wp-content\/uploads\/2023\/10\/dc_ck_violet.png 884w, https:\/\/declick.ch\/wp-content\/uploads\/2023\/10\/dc_ck_violet-300x173.png 300w, https:\/\/declick.ch\/wp-content\/uploads\/2023\/10\/dc_ck_violet-768x443.png 768w, https:\/\/declick.ch\/wp-content\/uploads\/2023\/10\/dc_ck_violet-18x10.png 18w, https:\/\/declick.ch\/wp-content\/uploads\/2023\/10\/dc_ck_violet-600x346.png 600w\" sizes=\"(max-width: 884px) 100vw, 884px\" \/>                <\/div>\r\n            <\/div>\r\n        \t\t<\/div>\r\n\t\t\t\t<\/div>\r\n\t\t\t\t<div class=\"elementor-element elementor-element-edea135 elementor-widget elementor-widget-eco_image\" data-id=\"edea135\" data-element_type=\"widget\" data-widget_type=\"eco_image.default\">\r\n\t\t\t\t<div class=\"elementor-widget-container\">\r\n\t\t\t            <div class=\"eco-image-wrapper\">\r\n                <div class=\"eco-image\">\r\n                    <img loading=\"lazy\" decoding=\"async\" width=\"884\" height=\"510\" src=\"https:\/\/declick.ch\/wp-content\/uploads\/2023\/10\/dc_ck_noir.png\" class=\"attachment-full size-full wp-image-29450\" alt=\"\" srcset=\"https:\/\/declick.ch\/wp-content\/uploads\/2023\/10\/dc_ck_noir.png 884w, https:\/\/declick.ch\/wp-content\/uploads\/2023\/10\/dc_ck_noir-300x173.png 300w, https:\/\/declick.ch\/wp-content\/uploads\/2023\/10\/dc_ck_noir-768x443.png 768w, https:\/\/declick.ch\/wp-content\/uploads\/2023\/10\/dc_ck_noir-18x10.png 18w, https:\/\/declick.ch\/wp-content\/uploads\/2023\/10\/dc_ck_noir-600x346.png 600w\" sizes=\"(max-width: 884px) 100vw, 884px\" \/>                <\/div>\r\n            <\/div>\r\n        \t\t<\/div>\r\n\t\t\t\t<\/div>\r\n\t\t\t\t<div class=\"elementor-element elementor-element-b02c47e elementor-widget elementor-widget-eco_image\" data-id=\"b02c47e\" data-element_type=\"widget\" data-widget_type=\"eco_image.default\">\r\n\t\t\t\t<div class=\"elementor-widget-container\">\r\n\t\t\t            <div class=\"eco-image-wrapper\">\r\n                <div class=\"eco-image\">\r\n                    <img loading=\"lazy\" decoding=\"async\" width=\"884\" height=\"510\" src=\"https:\/\/declick.ch\/wp-content\/uploads\/2023\/10\/dc_ck_blanc.png\" class=\"attachment-full size-full wp-image-29449\" alt=\"\" srcset=\"https:\/\/declick.ch\/wp-content\/uploads\/2023\/10\/dc_ck_blanc.png 884w, https:\/\/declick.ch\/wp-content\/uploads\/2023\/10\/dc_ck_blanc-300x173.png 300w, https:\/\/declick.ch\/wp-content\/uploads\/2023\/10\/dc_ck_blanc-768x443.png 768w, https:\/\/declick.ch\/wp-content\/uploads\/2023\/10\/dc_ck_blanc-18x10.png 18w, https:\/\/declick.ch\/wp-content\/uploads\/2023\/10\/dc_ck_blanc-600x346.png 600w\" sizes=\"(max-width: 884px) 100vw, 884px\" \/>                <\/div>\r\n            <\/div>\r\n        \t\t<\/div>\r\n\t\t\t\t<\/div>\r\n\t\t\t\t\t<\/div>\r\n\t\t\t\t<\/div>\r\n\t\t<div class=\"elementor-element elementor-element-85ad638 e-flex e-con-boxed e-con e-parent\" data-id=\"85ad638\" data-element_type=\"container\" data-settings=\"{&quot;content_width&quot;:&quot;boxed&quot;}\" data-core-v316-plus=\"true\">\r\n\t\t\t\t\t<div class=\"e-con-inner\">\r\n\t\t\t\t<div class=\"elementor-element elementor-element-87ee66c elementor-widget elementor-widget-text-editor\" data-id=\"87ee66c\" data-element_type=\"widget\" data-widget_type=\"text-editor.default\">\r\n\t\t\t\t<div class=\"elementor-widget-container\">\r\n\t\t\t\t\t\t\t<p>\u00a0<\/p><p>Copyright \u00a9Delick 2023 Alle Rechte vorbehalten<\/p>\t\t\t\t\t\t<\/div>\r\n\t\t\t\t<\/div>\r\n\t\t\t\t\t<\/div>\r\n\t\t\t\t<\/div>\r\n\t\t\t\t\t\t\t<\/div>","protected":false},"excerpt":{"rendered":"<p>Communiqu\u00e9 de Presse Communiqu\u00e9 de Presse du 13.11.2023 R\u00e9cup\u00e9rez ici les diff\u00e9rents \u00e9l\u00e9ments de la charte graphique de l&#8217;association T\u00e9l\u00e9charger le guide d&#039;utilisation Logos Logo officiel Logo officiel &#8211; noir \u00a0 Logo officiel &#8211; n\u00e9gatif \u00a0 Pictrogrammes \u00a0 Copyright \u00a0\u00a9Delick 2023 Tout droit r\u00e9serv\u00e9<\/p>","protected":false},"author":1,"featured_media":0,"parent":0,"menu_order":0,"comment_status":"closed","ping_status":"closed","template":"blank-template.php","meta":{"om_disable_all_campaigns":false,"_monsterinsights_skip_tracking":false,"_monsterinsights_sitenote_active":false,"_monsterinsights_sitenote_note":"","_monsterinsights_sitenote_category":0,"_uf_show_specific_survey":0,"_uf_disable_surveys":false,"footnotes":""},"class_list":["post-29444","page","type-page","status-publish","hentry"],"aioseo_notices":[],"_links":{"self":[{"href":"https:\/\/declick.ch\/de\/wp-json\/wp\/v2\/pages\/29444","targetHints":{"allow":["GET"]}}],"collection":[{"href":"https:\/\/declick.ch\/de\/wp-json\/wp\/v2\/pages"}],"about":[{"href":"https:\/\/declick.ch\/de\/wp-json\/wp\/v2\/types\/page"}],"author":[{"embeddable":true,"href":"https:\/\/declick.ch\/de\/wp-json\/wp\/v2\/users\/1"}],"replies":[{"embeddable":true,"href":"https:\/\/declick.ch\/de\/wp-json\/wp\/v2\/comments?post=29444"}],"version-history":[{"count":41,"href":"https:\/\/declick.ch\/de\/wp-json\/wp\/v2\/pages\/29444\/revisions"}],"predecessor-version":[{"id":29950,"href":"https:\/\/declick.ch\/de\/wp-json\/wp\/v2\/pages\/29444\/revisions\/29950"}],"wp:attachment":[{"href":"https:\/\/declick.ch\/de\/wp-json\/wp\/v2\/media?parent=29444"}],"curies":[{"name":"wp","href":"https:\/\/api.w.org\/{rel}","templated":true}]}}