{"id":30326,"date":"2024-12-21T10:43:23","date_gmt":"2024-12-21T09:43:23","guid":{"rendered":"https:\/\/declick.ch\/?page_id=30326"},"modified":"2026-03-03T15:24:50","modified_gmt":"2026-03-03T14:24:50","slug":"permanence","status":"publish","type":"page","link":"https:\/\/declick.ch\/de\/permanence\/","title":{"rendered":"Sprechstunde"},"content":{"rendered":"<div data-elementor-type=\"wp-page\" data-elementor-id=\"30326\" class=\"elementor elementor-30326\">\r\n\t\t\t\t\t\t\t<div class=\"elementor-element elementor-element-65478be e-flex e-con-boxed e-con e-parent\" data-id=\"65478be\" data-element_type=\"container\" data-settings=\"{&quot;content_width&quot;:&quot;boxed&quot;}\" data-core-v316-plus=\"true\">\r\n\t\t\t\t\t<div class=\"e-con-inner\">\r\n\t\t\t\t<div class=\"elementor-element elementor-element-7f8b2e7 elementor-widget elementor-widget-ecofinecore_about\" data-id=\"7f8b2e7\" data-element_type=\"widget\" data-widget_type=\"ecofinecore_about.default\">\r\n\t\t\t\t<div class=\"elementor-widget-container\">\r\n\t\t\t        <div class=\"about-section-wraper\">\r\n            <div class=\"container\">\r\n            <div class=\"about_content\">\r\n                <div class=\"about-item\">\r\n                 <h4 class=\"about-small-stitle\"> Treffen Sie uns <\/h4>                 <h2 class=\"about-title\"> Sprechstunde <\/h2>                  <div class=\"about-des\"> <p>Wir unterst\u00fctzen Sie auch dabei, die Pr\u00e4senz Ihrer Kinder in sozialen Netzwerken zu begrenzen und auf g\u00e4ngige Risiken wie Cybermobbing oder das Versenden von Nacktbildern (sogenannte \u201eNudes\u201c) aufmerksam zu machen. <br \/>Nous vous accompagnons aussi sur les moyens de limiter l\u2019exposition de vos enfants sur les r\u00e9seaux sociaux et sensibiliser sur les risques courants li\u00e9s \u00e0 leur utilisation comme le cyberharc\u00e8lement ou les nudes (envoi de contenu \u00e0 caract\u00e8re sexuelle).<\/p><p>Unsere Sozialp\u00e4dagoginnen und Sozialp\u00e4dagogen stehen Ihnen zur Verf\u00fcgung, um zuzuh\u00f6ren und Sie in diesem Bereich der digitalen Begleitung zu unterst\u00fctzen, der sich so schnell entwickelt, dass man leicht den \u00dcberblick verlieren kann.<\/p><p>Sprechstundenplan, mittwochnachmittags entweder in unseren R\u00e4umlichkeiten oder in einem Verein <strong>socioculturelle\u00a0.\u00a0<\/strong><\/p><p style=\"text-align: center\">Declick<\/p><p style=\"text-align: center\">Rue Centrale 7<\/p><p style=\"text-align: center\">3966 Chalais<\/p><ul><li>3 et 17 Septembre 2025\u00a0<\/li><li>8 et 29 Octobre 2025\u00a0<\/li><li>5 et 26 Novembre 2025\u00a0<\/li><li>3 et 17 D\u00e9cembre 2025\u00a0<\/li><li>7 et 28 Janvier 2026<\/li><li>11 et 25 F\u00e9vrier 2026<\/li><li>11 et 25Mars 2026<\/li><li>1 et 29 Avril 2026<\/li><li>6 et 27 Mai 2026<\/li><li>10 Juin 2026<\/li><\/ul><h3>\u00a0<\/h3><h3>Sprechstunde f\u00fcr das Oberwallis<\/h3><p style=\"text-align: center\">Declick Oberwallis<\/p><p style=\"text-align: center\">Terbinerstrasse 3<\/p><p style=\"text-align: center\">3930 Visp<\/p><ul><li>17 September 2025\u00a0<\/li><li>29 Oktober 2025\u00a0<\/li><li>12 November 2025\u00a0<\/li><li>17 Dezember 2025\u00a0<\/li><li>28 Januar 2026<\/li><li>18 Februar 2026\u00a0<\/li><\/ul> <\/div>                <\/div>\r\n                                            <\/div>\r\n        <\/div>\r\n        <\/div>\r\n        \t\t<\/div>\r\n\t\t\t\t<\/div>\r\n\t\t\t\t<div class=\"elementor-element elementor-element-250a202 elementor-widget elementor-widget-ecofinecore_about\" data-id=\"250a202\" data-element_type=\"widget\" data-widget_type=\"ecofinecore_about.default\">\r\n\t\t\t\t<div class=\"elementor-widget-container\">\r\n\t\t\t        <div class=\"about-section-wraper\">\r\n            <div class=\"container\">\r\n            <div class=\"about_content\">\r\n                <div class=\"about-item\">\r\n                 <h4 class=\"about-small-stitle\"> Treffen Sie uns <\/h4>                 <h2 class=\"about-title\"> Wie vereinbare ich einen Termin? <\/h2>                                 <\/div>\r\n                                            <\/div>\r\n        <\/div>\r\n        <\/div>\r\n        \t\t<\/div>\r\n\t\t\t\t<\/div>\r\n\t\t\t\t\t<\/div>\r\n\t\t\t\t<\/div>\r\n\t\t<div class=\"elementor-element elementor-element-d3af302 e-flex e-con-boxed e-con e-parent\" data-id=\"d3af302\" data-element_type=\"container\" data-settings=\"{&quot;content_width&quot;:&quot;boxed&quot;}\" data-core-v316-plus=\"true\">\r\n\t\t\t\t\t<div class=\"e-con-inner\">\r\n\t\t<div class=\"elementor-element elementor-element-3dace8c e-con-full e-flex e-con e-child\" data-id=\"3dace8c\" data-element_type=\"container\" data-settings=\"{&quot;content_width&quot;:&quot;full&quot;}\">\r\n\t\t\t\t<div class=\"elementor-element elementor-element-8b053c1 content-align-cta-default elementor-widget elementor-widget-eael-cta-box\" data-id=\"8b053c1\" data-element_type=\"widget\" data-widget_type=\"eael-cta-box.default\">\r\n\t\t\t\t<div class=\"elementor-widget-container\">\r\n\t\t\t\t\t<div class=\"eael-call-to-action cta-basic bg-lite cta-preset-1\">\n        <h2 class=\"title\">Per Telefon<\/h2><p>Rufen Sie uns an oder senden Sie uns eine WhatsApp-Nachricht<\/p><a href=\"http:\/\/@\" class=\"cta-button\">077 225 83 09<\/a>\t<\/div>\n\t\t\t\t\t\t<\/div>\r\n\t\t\t\t<\/div>\r\n\t\t\t\t<\/div>\r\n\t\t<div class=\"elementor-element elementor-element-da52166 e-con-full e-flex e-con e-child\" data-id=\"da52166\" data-element_type=\"container\" data-settings=\"{&quot;content_width&quot;:&quot;full&quot;}\">\r\n\t\t\t\t<div class=\"elementor-element elementor-element-d8535d7 content-align-cta-default elementor-widget elementor-widget-eael-cta-box\" data-id=\"d8535d7\" data-element_type=\"widget\" data-widget_type=\"eael-cta-box.default\">\r\n\t\t\t\t<div class=\"elementor-widget-container\">\r\n\t\t\t\t\t<div class=\"eael-call-to-action cta-basic bg-lite cta-preset-1\">\n        <h2 class=\"title\">Online<\/h2><p>Vereinbaren Sie online einen Termin<\/p><a href=\"https:\/\/declick.odoo.com\/book\/d0a38774\" class=\"cta-button\">Termin vereinbaren<\/a>\t<\/div>\n\t\t\t\t\t\t<\/div>\r\n\t\t\t\t<\/div>\r\n\t\t\t\t<\/div>\r\n\t\t\t\t\t<\/div>\r\n\t\t\t\t<\/div>\r\n\t\t\t\t\t\t\t<\/div>","protected":false},"excerpt":{"rendered":"<p>NOUS RENCONTRER Permanence (gratuite) Nous proposons des entretiens individuels ou familiaux qui pourront vous aider \u00e0 poser un cadre d\u2019utilisation s\u00e9curis\u00e9 tout en promouvant des alternatives d\u00e9connect\u00e9es. Nous vous accompagnons aussi sur les moyens de limiter l\u2019exposition de vos enfants sur les r\u00e9seaux sociaux et sensibiliser sur les risques courants li\u00e9s \u00e0 leur utilisation comme [&hellip;]<\/p>","protected":false},"author":1,"featured_media":0,"parent":0,"menu_order":0,"comment_status":"closed","ping_status":"closed","template":"","meta":{"om_disable_all_campaigns":false,"_monsterinsights_skip_tracking":false,"_monsterinsights_sitenote_active":false,"_monsterinsights_sitenote_note":"","_monsterinsights_sitenote_category":0,"_uf_show_specific_survey":0,"_uf_disable_surveys":false,"footnotes":""},"class_list":["post-30326","page","type-page","status-publish","hentry"],"aioseo_notices":[],"_links":{"self":[{"href":"https:\/\/declick.ch\/de\/wp-json\/wp\/v2\/pages\/30326","targetHints":{"allow":["GET"]}}],"collection":[{"href":"https:\/\/declick.ch\/de\/wp-json\/wp\/v2\/pages"}],"about":[{"href":"https:\/\/declick.ch\/de\/wp-json\/wp\/v2\/types\/page"}],"author":[{"embeddable":true,"href":"https:\/\/declick.ch\/de\/wp-json\/wp\/v2\/users\/1"}],"replies":[{"embeddable":true,"href":"https:\/\/declick.ch\/de\/wp-json\/wp\/v2\/comments?post=30326"}],"version-history":[{"count":46,"href":"https:\/\/declick.ch\/de\/wp-json\/wp\/v2\/pages\/30326\/revisions"}],"predecessor-version":[{"id":30709,"href":"https:\/\/declick.ch\/de\/wp-json\/wp\/v2\/pages\/30326\/revisions\/30709"}],"wp:attachment":[{"href":"https:\/\/declick.ch\/de\/wp-json\/wp\/v2\/media?parent=30326"}],"curies":[{"name":"wp","href":"https:\/\/api.w.org\/{rel}","templated":true}]}}