{"id":30414,"date":"2025-07-03T15:42:45","date_gmt":"2025-07-03T13:42:45","guid":{"rendered":"https:\/\/declick.ch\/?page_id=30414"},"modified":"2025-10-13T20:42:50","modified_gmt":"2025-10-13T18:42:50","slug":"sprechstunde","status":"publish","type":"page","link":"https:\/\/declick.ch\/de\/sprechstunde\/","title":{"rendered":"Sprechstunde"},"content":{"rendered":"<div data-elementor-type=\"wp-page\" data-elementor-id=\"30414\" class=\"elementor elementor-30414\">\r\n\t\t\t\t\t\t\t<div class=\"elementor-element elementor-element-65478be e-flex e-con-boxed e-con e-parent\" data-id=\"65478be\" data-element_type=\"container\" data-settings=\"{&quot;content_width&quot;:&quot;boxed&quot;}\" data-core-v316-plus=\"true\">\r\n\t\t\t\t\t<div class=\"e-con-inner\">\r\n\t\t\t\t<div class=\"elementor-element elementor-element-250a202 elementor-widget elementor-widget-ecofinecore_about\" data-id=\"250a202\" data-element_type=\"widget\" data-widget_type=\"ecofinecore_about.default\">\r\n\t\t\t\t<div class=\"elementor-widget-container\">\r\n\t\t\t        <div class=\"about-section-wraper\">\r\n            <div class=\"container\">\r\n            <div class=\"about_content\">\r\n                <div class=\"about-item\">\r\n                 <h4 class=\"about-small-stitle\"> UNS TREFFEN <\/h4>                 <h2 class=\"about-title\"> Wie man einen Termin vereinbart <\/h2>                                 <\/div>\r\n                                            <\/div>\r\n        <\/div>\r\n        <\/div>\r\n        \t\t<\/div>\r\n\t\t\t\t<\/div>\r\n\t\t\t\t<div class=\"elementor-element elementor-element-7f8b2e7 elementor-widget elementor-widget-ecofinecore_about\" data-id=\"7f8b2e7\" data-element_type=\"widget\" data-widget_type=\"ecofinecore_about.default\">\r\n\t\t\t\t<div class=\"elementor-widget-container\">\r\n\t\t\t        <div class=\"about-section-wraper\">\r\n            <div class=\"container\">\r\n            <div class=\"about_content\">\r\n                <div class=\"about-item\">\r\n                 <h4 class=\"about-small-stitle\"> UNS TREFFEN <\/h4>                 <h2 class=\"about-title\"> Sprechstunde <\/h2>                  <div class=\"about-des\"> <p data-start=\"53\" data-end=\"458\"><strong data-start=\"53\" data-end=\"242\">Wir bieten Einzel- oder Familiengespr\u00e4che an, die Ihnen helfen k\u00f6nnen, einen sicheren Rahmen f\u00fcr die Nutzung digitaler Medien zu setzen und gleichzeitig offline-Alternativen zu f\u00f6rdern.<\/strong><\/p><p data-start=\"53\" data-end=\"458\"><br data-start=\"242\" data-end=\"245\" \/>Wir unterst\u00fctzen Sie auch dabei, die Pr\u00e4senz Ihrer Kinder in sozialen Netzwerken zu begrenzen und auf g\u00e4ngige Risiken wie Cybermobbing oder das Versenden von Nacktbildern (sogenannte \u201eNudes\u201c) aufmerksam zu machen.<\/p><p data-start=\"460\" data-end=\"692\">Unsere Sozialp\u00e4dagoginnen und Sozialp\u00e4dagogen stehen Ihnen zur Verf\u00fcgung, um zuzuh\u00f6ren und Sie in diesem Bereich der digitalen Begleitung zu unterst\u00fctzen, der sich so schnell entwickelt, dass man leicht den \u00dcberblick verlieren kann.<\/p><p>Kalender der Sprechstunden, Mittwochnachmittag im<\/p><p style=\"text-align: left\">Declick Oberwallis<\/p><p style=\"text-align: left\">Terbinerstrasse 3<\/p><p style=\"text-align: left\">3930 Visp<\/p><ul><li>17 September 2025\u00a0<\/li><li>29 Oktober 2025\u00a0<\/li><li>12 November 2025\u00a0<\/li><li>17 Dezember 2025\u00a0<\/li><li>28 Januar 2026<\/li><li>18 Februar 2026\u00a0<\/li><\/ul><p>\u00a0<\/p><p style=\"text-align: center\">\u00a0<\/p> <\/div>                <\/div>\r\n                                            <\/div>\r\n        <\/div>\r\n        <\/div>\r\n        \t\t<\/div>\r\n\t\t\t\t<\/div>\r\n\t\t\t\t\t<\/div>\r\n\t\t\t\t<\/div>\r\n\t\t<div class=\"elementor-element elementor-element-d3af302 e-flex e-con-boxed e-con e-parent\" data-id=\"d3af302\" data-element_type=\"container\" data-settings=\"{&quot;content_width&quot;:&quot;boxed&quot;}\" data-core-v316-plus=\"true\">\r\n\t\t\t\t\t<div class=\"e-con-inner\">\r\n\t\t<div class=\"elementor-element elementor-element-3dace8c e-con-full e-flex e-con e-child\" data-id=\"3dace8c\" data-element_type=\"container\" data-settings=\"{&quot;content_width&quot;:&quot;full&quot;}\">\r\n\t\t\t\t<div class=\"elementor-element elementor-element-8b053c1 content-align-cta-default elementor-widget elementor-widget-eael-cta-box\" data-id=\"8b053c1\" data-element_type=\"widget\" data-widget_type=\"eael-cta-box.default\">\r\n\t\t\t\t<div class=\"elementor-widget-container\">\r\n\t\t\t\t\t<div class=\"eael-call-to-action cta-basic bg-lite cta-preset-1\">\n        <h2 class=\"title\">Per Telefon<\/h2><p>Rufen Sie uns an oder senden Sie uns eine WhatsApp-Nachricht<\/p><a href=\"http:\/\/@\" class=\"cta-button\">077 225 83 09<\/a>\t<\/div>\n\t\t\t\t\t\t<\/div>\r\n\t\t\t\t<\/div>\r\n\t\t\t\t<\/div>\r\n\t\t<div class=\"elementor-element elementor-element-da52166 e-con-full e-flex e-con e-child\" data-id=\"da52166\" data-element_type=\"container\" data-settings=\"{&quot;content_width&quot;:&quot;full&quot;}\">\r\n\t\t\t\t<div class=\"elementor-element elementor-element-9abd2b5 content-align-cta-default elementor-widget elementor-widget-eael-cta-box\" data-id=\"9abd2b5\" data-element_type=\"widget\" data-widget_type=\"eael-cta-box.default\">\r\n\t\t\t\t<div class=\"elementor-widget-container\">\r\n\t\t\t\t\t<div class=\"eael-call-to-action cta-basic bg-lite cta-preset-1\">\n        <h2 class=\"title\">Online<\/h2><p>Vereinbaren Sie online einen Termin<\/p><a href=\"https:\/\/declick.odoo.com\/de\/appointment?invite_token=0b44d7d36e7b4befbd588ad5fd05c836&#038;filter_appointment_type_ids=%5B24,+25,+26,+27,+28%5D\" class=\"cta-button\">Termin vereinbaren<\/a>\t<\/div>\n\t\t\t\t\t\t<\/div>\r\n\t\t\t\t<\/div>\r\n\t\t\t\t<\/div>\r\n\t\t\t\t\t<\/div>\r\n\t\t\t\t<\/div>\r\n\t\t\t\t\t\t\t<\/div>","protected":false},"excerpt":{"rendered":"<p>UNS TREFFEN Wie man einen Termin vereinbart UNS TREFFEN Sprechstunde Wir bieten Einzel- oder Familiengespr\u00e4che an, die Ihnen helfen k\u00f6nnen, einen sicheren Rahmen f\u00fcr die Nutzung digitaler Medien zu setzen und gleichzeitig offline-Alternativen zu f\u00f6rdern. Wir unterst\u00fctzen Sie auch dabei, die Pr\u00e4senz Ihrer Kinder in sozialen Netzwerken zu begrenzen und auf g\u00e4ngige Risiken wie Cybermobbing [&hellip;]<\/p>","protected":false},"author":1,"featured_media":0,"parent":0,"menu_order":0,"comment_status":"closed","ping_status":"closed","template":"","meta":{"om_disable_all_campaigns":false,"_monsterinsights_skip_tracking":false,"_monsterinsights_sitenote_active":false,"_monsterinsights_sitenote_note":"","_monsterinsights_sitenote_category":0,"_uf_show_specific_survey":0,"_uf_disable_surveys":false,"footnotes":""},"class_list":["post-30414","page","type-page","status-publish","hentry"],"aioseo_notices":[],"_links":{"self":[{"href":"https:\/\/declick.ch\/de\/wp-json\/wp\/v2\/pages\/30414","targetHints":{"allow":["GET"]}}],"collection":[{"href":"https:\/\/declick.ch\/de\/wp-json\/wp\/v2\/pages"}],"about":[{"href":"https:\/\/declick.ch\/de\/wp-json\/wp\/v2\/types\/page"}],"author":[{"embeddable":true,"href":"https:\/\/declick.ch\/de\/wp-json\/wp\/v2\/users\/1"}],"replies":[{"embeddable":true,"href":"https:\/\/declick.ch\/de\/wp-json\/wp\/v2\/comments?post=30414"}],"version-history":[{"count":29,"href":"https:\/\/declick.ch\/de\/wp-json\/wp\/v2\/pages\/30414\/revisions"}],"predecessor-version":[{"id":30526,"href":"https:\/\/declick.ch\/de\/wp-json\/wp\/v2\/pages\/30414\/revisions\/30526"}],"wp:attachment":[{"href":"https:\/\/declick.ch\/de\/wp-json\/wp\/v2\/media?parent=30414"}],"curies":[{"name":"wp","href":"https:\/\/api.w.org\/{rel}","templated":true}]}}