{"id":30559,"date":"2025-11-27T16:11:36","date_gmt":"2025-11-27T15:11:36","guid":{"rendered":"https:\/\/declick.ch\/?page_id=30559"},"modified":"2025-12-01T11:50:29","modified_gmt":"2025-12-01T10:50:29","slug":"giving-tuesday","status":"publish","type":"page","link":"https:\/\/declick.ch\/de\/giving-tuesday\/","title":{"rendered":"Giving Tuesday"},"content":{"rendered":"<div data-elementor-type=\"wp-page\" data-elementor-id=\"30559\" class=\"elementor elementor-30559\">\r\n\t\t\t\t\t\t\t<div class=\"elementor-element elementor-element-0df7857 e-flex e-con-boxed e-con e-parent\" data-id=\"0df7857\" data-element_type=\"container\" data-settings=\"{&quot;content_width&quot;:&quot;boxed&quot;}\" data-core-v316-plus=\"true\">\r\n\t\t\t\t\t<div class=\"e-con-inner\">\r\n\t\t\t\t<div class=\"elementor-element elementor-element-4454915 elementor-widget elementor-widget-heading\" data-id=\"4454915\" data-element_type=\"widget\" data-widget_type=\"heading.default\">\r\n\t\t\t\t<div class=\"elementor-widget-container\">\r\n\t\t\t<style>\/*! elementor - v3.17.0 - 08-11-2023 *\/\r\n.elementor-heading-title{padding:0;margin:0;line-height:1}.elementor-widget-heading .elementor-heading-title[class*=elementor-size-]>a{color:inherit;font-size:inherit;line-height:inherit}.elementor-widget-heading .elementor-heading-title.elementor-size-small{font-size:15px}.elementor-widget-heading .elementor-heading-title.elementor-size-medium{font-size:19px}.elementor-widget-heading .elementor-heading-title.elementor-size-large{font-size:29px}.elementor-widget-heading .elementor-heading-title.elementor-size-xl{font-size:39px}.elementor-widget-heading .elementor-heading-title.elementor-size-xxl{font-size:59px}<\/style><h2 class=\"elementor-heading-title elementor-size-default\">Wie k\u00f6nnen Sie uns unterst\u00fctzen?<\/h2>\t\t<\/div>\r\n\t\t\t\t<\/div>\r\n\t\t\t\t\t<\/div>\r\n\t\t\t\t<\/div>\r\n\t\t<div class=\"elementor-element elementor-element-193e8ab e-flex e-con-boxed e-con e-parent\" data-id=\"193e8ab\" data-element_type=\"container\" data-settings=\"{&quot;content_width&quot;:&quot;boxed&quot;}\" data-core-v316-plus=\"true\">\r\n\t\t\t\t\t<div class=\"e-con-inner\">\r\n\t\t<div class=\"elementor-element elementor-element-66bbc03 e-con-full e-flex e-con e-child\" data-id=\"66bbc03\" data-element_type=\"container\" data-settings=\"{&quot;content_width&quot;:&quot;full&quot;}\">\r\n\t\t\t\t<div class=\"elementor-element elementor-element-aee500c elementor-widget elementor-widget-image\" data-id=\"aee500c\" data-element_type=\"widget\" data-no-translation=\"\" data-widget_type=\"image.default\">\r\n\t\t\t\t<div class=\"elementor-widget-container\">\r\n\t\t\t<style>\/*! elementor - v3.17.0 - 08-11-2023 *\/\r\n.elementor-widget-image{text-align:center}.elementor-widget-image a{display:inline-block}.elementor-widget-image a img[src$=\".svg\"]{width:48px}.elementor-widget-image img{vertical-align:middle;display:inline-block}<\/style><style>.elementor-element-aee500c{display:none !important}<\/style>\t\t<\/div>\r\n\t\t\t\t<\/div>\r\n\t\t\t\t<div class=\"elementor-element elementor-element-45be29a elementor-widget elementor-widget-image\" data-id=\"45be29a\" data-element_type=\"widget\" data-no-translation=\"\" data-widget_type=\"image.default\">\r\n\t\t\t\t<div class=\"elementor-widget-container\">\r\n\t\t\t\t\t\t\t\t\t\t\t\t\t\t\t<img fetchpriority=\"high\" decoding=\"async\" width=\"819\" height=\"1024\" src=\"https:\/\/declick.ch\/wp-content\/uploads\/2025\/11\/1.DE_-819x1024.jpg\" class=\"attachment-large size-large wp-image-30582\" alt=\"\" srcset=\"https:\/\/declick.ch\/wp-content\/uploads\/2025\/11\/1.DE_-819x1024.jpg 819w, https:\/\/declick.ch\/wp-content\/uploads\/2025\/11\/1.DE_-240x300.jpg 240w, https:\/\/declick.ch\/wp-content\/uploads\/2025\/11\/1.DE_-768x960.jpg 768w, https:\/\/declick.ch\/wp-content\/uploads\/2025\/11\/1.DE_-10x12.jpg 10w, https:\/\/declick.ch\/wp-content\/uploads\/2025\/11\/1.DE_.jpg 1080w\" sizes=\"(max-width: 819px) 100vw, 819px\" \/>\t\t\t\t\t\t\t\t\t\t\t\t\t\t\t<\/div>\r\n\t\t\t\t<\/div>\r\n\t\t\t\t<\/div>\r\n\t\t<div class=\"elementor-element elementor-element-d844274 e-con-full e-flex e-con e-child\" data-id=\"d844274\" data-element_type=\"container\" data-settings=\"{&quot;content_width&quot;:&quot;full&quot;}\">\r\n\t\t\t\t<div class=\"elementor-element elementor-element-975b2d6 elementor-widget elementor-widget-text-editor\" data-id=\"975b2d6\" data-element_type=\"widget\" data-widget_type=\"text-editor.default\">\r\n\t\t\t\t<div class=\"elementor-widget-container\">\r\n\t\t\t<style>\/*! elementor - v3.17.0 - 08-11-2023 *\/\r\n.elementor-widget-text-editor.elementor-drop-cap-view-stacked .elementor-drop-cap{background-color:#69727d;color:#fff}.elementor-widget-text-editor.elementor-drop-cap-view-framed .elementor-drop-cap{color:#69727d;border:3px solid;background-color:transparent}.elementor-widget-text-editor:not(.elementor-drop-cap-view-default) .elementor-drop-cap{margin-top:8px}.elementor-widget-text-editor:not(.elementor-drop-cap-view-default) .elementor-drop-cap-letter{width:1em;height:1em}.elementor-widget-text-editor .elementor-drop-cap{float:left;text-align:center;line-height:1;font-size:50px}.elementor-widget-text-editor .elementor-drop-cap-letter{display:inline-block}<\/style>\t\t\t\t<p class=\"x_MsoNormal\" style=\"text-align: left;\"><b><span data-olk-copy-source=\"MessageBody\">Was ist Giving Tuesday?<\/span><\/b><br \/>Der Giving Tuesday ist der weltweite Tag der Grossz\u00fcgigkeit. Er entstand als Gegenbewegung zum Black Friday und motiviert dazu, zu geben statt zu konsumieren. Jedes Jahr schliessen sich Millionen von Menschen und Organisationen zusammen, um Projekte zu unterst\u00fctzen, die einen echten Unterschied machen.<\/p><p class=\"x_MsoNormal\" style=\"text-align: left;\">Im Jahr 2025 findet der Giving Tuesday am 2. Dezember statt: ein Tag zum Spenden, Teilen und Engagement f\u00fcr eine solidarischere Welt.<\/p><p style=\"text-align: left;\">Unsere Kampagne: <span style=\"text-decoration: underline; color: #0000ff;\"><a style=\"color: #0000ff; text-decoration: underline;\" href=\"https:\/\/www.giving-tuesday.ch\/de\/digitale-bildung-unsere-kinder-auf-die-herausforderungen-von-morgen-vorbereiten-schon-heute\/\">Digitale Bildung: Unsere Kinder auf die Herausforderungen von morgen vorbereiten \u2013 schon heute : Giving Tuesday Schweiz<\/a><\/span><\/p>\t\t\t\t\t\t<\/div>\r\n\t\t\t\t<\/div>\r\n\t\t\t\t<\/div>\r\n\t\t\t\t\t<\/div>\r\n\t\t\t\t<\/div>\r\n\t\t<div class=\"elementor-element elementor-element-5a95080 e-flex e-con-boxed e-con e-parent\" data-id=\"5a95080\" data-element_type=\"container\" data-settings=\"{&quot;content_width&quot;:&quot;boxed&quot;}\" data-core-v316-plus=\"true\">\r\n\t\t\t\t\t<div class=\"e-con-inner\">\r\n\t\t<div class=\"elementor-element elementor-element-83376de e-con-full e-flex e-con e-child\" data-id=\"83376de\" data-element_type=\"container\" data-settings=\"{&quot;content_width&quot;:&quot;full&quot;}\">\r\n\t\t\t\t<div class=\"elementor-element elementor-element-3f184a6 elementor-widget elementor-widget-text-editor\" data-id=\"3f184a6\" data-element_type=\"widget\" data-widget_type=\"text-editor.default\">\r\n\t\t\t\t<div class=\"elementor-widget-container\">\r\n\t\t\t\t\t\t\t<p class=\"x_MsoNormal\"><span data-olk-copy-source=\"MessageBody\">Mit Ihrer Unterst\u00fctzung geben wir Eltern neues Vertrauen im Umgang mit der digitalen Welt, die ihren Alltag auf den Kopf stellt. Viele f\u00fchlen sich machtlos: Ihre Kinder wachsen mit dem Smartphone in der Hand auf und kommen dabei mit sozialen Netzwerken, Cybermobbing oder verst\u00f6renden Inhalten in Ber\u00fchrung.. Unsere geplante kostenlose Online-Plattform (f\u00fcr das Wallis und die ganze Schweiz), zweisprachig (Deutsch\/Franz\u00f6sisch), bietet ihnen eine verst\u00e4ndnisvolle und konkrete Begleitung, um zu verstehen, zu kommunizieren und zu sch\u00fctzen. Durch Videos, Quiz und Expertenbeitr\u00e4ge findet jeder Elternteil passende Antworten \u2013 abgestimmt auf das Alter des eigenen Kindes.<\/span><\/p>\n<p class=\"x_MsoNormal\">Soutenue par l\u2019\u00c9tat du Valais et Promotion sant\u00e9 Valais, cette initiative a une mission simple : recr\u00e9er du lien au sein des familles et redonner aux parents les cl\u00e9s pour guider leurs enfants dans le monde connect\u00e9. Avec votre soutien, nous pouvons offrir \u00e0 des milliers de familles un espace d\u2019information, d\u2019\u00e9change et d\u2019apprentissage \u2014 pour un num\u00e9rique plus humain, plus s\u00fbr et plus conscient. Merci de votre don en ce jour de&nbsp;Giving&nbsp;Tuesday.<\/p>\n<p>Dank Ihrer Beitr\u00e4ge k\u00f6nnen wir unsere Arbeit weiter professionalisieren und langfristig sichern. Mit Ihrer Unterst\u00fctzung tragen Sie aktiv dazu bei, ein sichereres und bildungsorientierteres digitales Umfeld f\u00fcr alle zu schaffen.<\/p>\n<p>Ihre Grossz\u00fcgigkeit erm\u00f6glicht es uns, unser Wirkungsfeld zu erweitern und mehr Menschen zu erreichen \u2013 damit besonders junge und verletzliche Gruppen Zugang zu Wissen und Werkzeugen erhalten, um sich online zu sch\u00fctzen.<\/p>\n<p>Schliessen Sie sich unserer Mission an \u2013 gemeinsam gestalten wir eine sichere digitale Zukunft.<\/p>\n<h5>Unterst\u00fctzen Sie uns bei unserer Mission und bauen wir gemeinsam eine sicherere digitale Zukunft auf.<\/h5>\t\t\t\t\t\t<\/div>\r\n\t\t\t\t<\/div>\r\n\t\t\t\t<\/div>\r\n\t\t<div class=\"elementor-element elementor-element-2f4d615 e-con-full e-flex e-con e-child\" data-id=\"2f4d615\" data-element_type=\"container\" data-settings=\"{&quot;content_width&quot;:&quot;full&quot;}\">\r\n\t\t\t\t<div class=\"elementor-element elementor-element-6fff982 elementor-widget elementor-widget-image\" data-id=\"6fff982\" data-element_type=\"widget\" data-no-translation=\"\" data-widget_type=\"image.default\">\r\n\t\t\t\t<div class=\"elementor-widget-container\">\r\n\t\t\t<style>.elementor-element-6fff982{display:none !important}<\/style>\t\t<\/div>\r\n\t\t\t\t<\/div>\r\n\t\t\t\t<div class=\"elementor-element elementor-element-0151ac1 elementor-widget elementor-widget-image\" data-id=\"0151ac1\" data-element_type=\"widget\" data-no-translation=\"\" data-widget_type=\"image.default\">\r\n\t\t\t\t<div class=\"elementor-widget-container\">\r\n\t\t\t\t\t\t\t\t\t\t\t\t\t\t\t<img decoding=\"async\" width=\"819\" height=\"1024\" src=\"https:\/\/declick.ch\/wp-content\/uploads\/2025\/11\/3-1-819x1024.jpg\" class=\"attachment-large size-large wp-image-30583\" alt=\"\" srcset=\"https:\/\/declick.ch\/wp-content\/uploads\/2025\/11\/3-1-819x1024.jpg 819w, https:\/\/declick.ch\/wp-content\/uploads\/2025\/11\/3-1-240x300.jpg 240w, https:\/\/declick.ch\/wp-content\/uploads\/2025\/11\/3-1-768x960.jpg 768w, https:\/\/declick.ch\/wp-content\/uploads\/2025\/11\/3-1-10x12.jpg 10w, https:\/\/declick.ch\/wp-content\/uploads\/2025\/11\/3-1.jpg 1080w\" sizes=\"(max-width: 819px) 100vw, 819px\" \/>\t\t\t\t\t\t\t\t\t\t\t\t\t\t\t<\/div>\r\n\t\t\t\t<\/div>\r\n\t\t\t\t<\/div>\r\n\t\t\t\t\t<\/div>\r\n\t\t\t\t<\/div>\r\n\t\t<div class=\"elementor-element elementor-element-91891e5 e-flex e-con-boxed e-con e-parent\" data-id=\"91891e5\" data-element_type=\"container\" data-settings=\"{&quot;content_width&quot;:&quot;boxed&quot;}\" data-core-v316-plus=\"true\">\r\n\t\t\t\t\t<div class=\"e-con-inner\">\r\n\t\t\t\t<div class=\"elementor-element elementor-element-3e5e7cb elementor-widget elementor-widget-heading\" data-id=\"3e5e7cb\" data-element_type=\"widget\" data-widget_type=\"heading.default\">\r\n\t\t\t\t<div class=\"elementor-widget-container\">\r\n\t\t\t<h3 class=\"elementor-heading-title elementor-size-default\">Uns direkt mit Twint unterst\u00fctzen<\/h3>\t\t<\/div>\r\n\t\t\t\t<\/div>\r\n\t\t\t\t<div class=\"elementor-element elementor-element-4cdae16 elementor-widget elementor-widget-text-editor\" data-id=\"4cdae16\" data-element_type=\"widget\" data-widget_type=\"text-editor.default\">\r\n\t\t\t\t<div class=\"elementor-widget-container\">\r\n\t\t\t\t\t\t\t<h3 style=\"text-align: center;\">Die beste M\u00f6glichkeit, uns zu unterst\u00fctzen, ist die Verwendung der Twint-App, um uns Ihren Beitrag zu senden.<\/h3>\t\t\t\t\t\t<\/div>\r\n\t\t\t\t<\/div>\r\n\t\t\t\t<div class=\"elementor-element elementor-element-d1659f8 elementor-widget elementor-widget-html\" data-id=\"d1659f8\" data-element_type=\"widget\" data-no-translation=\"\" data-widget_type=\"html.default\">\r\n\t\t\t\t<div class=\"elementor-widget-container\">\r\n\t\t\t<style>.elementor-element-d1659f8{display:none !important}<\/style>\t\t<\/div>\r\n\t\t\t\t<\/div>\r\n\t\t\t\t<div class=\"elementor-element elementor-element-ba2b47d elementor-widget elementor-widget-html\" data-id=\"ba2b47d\" data-element_type=\"widget\" data-no-translation=\"\" data-widget_type=\"html.default\">\r\n\t\t\t\t<div class=\"elementor-widget-container\">\r\n\t\t\t<div id=\"rnw-paylink-button\"><\/div>\r\n<script type=\"module\">\r\nimport {PaylinkButton} from \"https:\/\/donate.raisenow.io\/button.js\"\r\nPaylinkButton.render('#rnw-paylink-button', {'solution-id': \"cfgzm\", 'solution-type': \"donate\", language: \"fr\", size: \"large\", width: \"fixed\", 'color-scheme': \"dark\"})\r\n<\/script>\t\t<\/div>\r\n\t\t\t\t<\/div>\r\n\t\t\t\t<div class=\"elementor-element elementor-element-6afb91b elementor-widget elementor-widget-heading\" data-id=\"6afb91b\" data-element_type=\"widget\" data-widget_type=\"heading.default\">\r\n\t\t\t\t<div class=\"elementor-widget-container\">\r\n\t\t\t<h3 class=\"elementor-heading-title elementor-size-default\">Unterst\u00fctzen Sie uns durch Bank\u00fcberweisung oder Rechnung<\/h3>\t\t<\/div>\r\n\t\t\t\t<\/div>\r\n\t\t\t\t<div class=\"elementor-element elementor-element-dc2110f elementor-widget elementor-widget-text-editor\" data-id=\"dc2110f\" data-element_type=\"widget\" data-widget_type=\"text-editor.default\">\r\n\t\t\t\t<div class=\"elementor-widget-container\">\r\n\t\t\t\t\t\t\t<h3 style=\"text-align: center;\">Wenn Sie auf andere Weise einen Beitrag leisten m\u00f6chten, k\u00f6nnen Sie eine \u00dcberweisung direkt auf das Konto unseres Vereins vornehmen:\u00a0<\/h3><div style=\"text-align: center;\">Declick<\/div><div style=\"text-align: center;\">Rue Centrale 7<\/div><div style=\"text-align: center;\">3966 Chalais<\/div><div style=\"text-align: center;\">CH37 8080 8003 8772 8916 1<\/div><div style=\"text-align: center;\">IID (n\u00b0 BC): 80808<\/div><div style=\"text-align: center;\">SWIFT-BIC: RAIFCH22<\/div><div>\u00a0\u00a0<\/div><p><img decoding=\"async\" class=\"aligncenter\" src=\"data:image\/png;base64,iVBORw0KGgoAAAANSUhEUgAAALQAAAC0AQAAAAAVtjufAAACFUlEQVR42q2XQU5DQQxDLSGxJEfg\/ufgQl4VVoTYmRbUTUH4I6rfN19KJ844+QBQDbIKYHdXz81eEV5zOx8EgS42OUsd5CjTmsDUY9RzYQ7fTchmaYdhro1oEdojwrydLSkzi5Q2t3wmuCS+u271kOCtS8lql1fTgDGuQO1kKRhnbZ5gjvd8odSR6JO5iQ3lMcUHl2UuuKJqdqoCTvFVfXDBZPakCojxjSl9KOPwudNtisNxJpK+Wo\/5D\/INDe6n9jdlVoxxK31CKTosf47TjndENx9l5OEhrmgKaMf2wdMvYI6rqqCy0sGYp5TCQoyrUMvV6rpSwux6N\/4uG\/kDvwBPP7gP3Qjd4lfn7l\/xj19xH4sJ\/CJup\/LBSHHbhqJdXvtNKevtOym+Z26y\/zxxXcGurhhnb96ovPXm7Y7jP7xwOs7ncK3bSfiYu1895qrUXmXcgmyC9qsUB3egU8nuqWaQD5IsHrvs2W5AjHFPWlDD7M2XywA5PliC2LE1GPmGMa4+oDU7LHdLjRznDhOOrrmlPWIgxj1HeGKRFmvex2sj3Dqf0UgOouTVGYETnDuv75uHBzFuvwvxHUmxXuemL5bjsgsVL3ba4k7AjHG1MKmytTuhPQDkuN87dBbc\/DX0Xv08xC33mVVUWNdeGuRyIxufXM+jKaNc9Sr\/9t1mLsfXsa3+Ru7v98oAB3bssgW6s+kvxr8Azbxmte84gCYAAAAASUVORK5CYII=\" \/><\/p><p style=\"text-align: center;\">Sie k\u00f6nnen uns auch per E-Mail unter contact@declick.ch kontaktieren, wenn Sie eine Rechnung f\u00fcr Ihren Beitrag erhalten m\u00f6chten.<\/p>\t\t\t\t\t\t<\/div>\r\n\t\t\t\t<\/div>\r\n\t\t\t\t\t<\/div>\r\n\t\t\t\t<\/div>\r\n\t\t\t\t\t\t\t<\/div>","protected":false},"excerpt":{"rendered":"<p>Comment nous soutenir ? Qu\u2019est-ce que le Giving Tuesday ?Le Giving Tuesday est le jour mondial de la g\u00e9n\u00e9rosit\u00e9. N\u00e9 en r\u00e9action au Black Friday, il encourage \u00e0 donner plut\u00f4t qu\u2019\u00e0 consommer. Chaque ann\u00e9e, des millions de personnes et d\u2019organisations s\u2019unissent pour soutenir des causes qui font la diff\u00e9rence. En 2025, le Giving Tuesday aura [&hellip;]<\/p>","protected":false},"author":1,"featured_media":0,"parent":0,"menu_order":0,"comment_status":"closed","ping_status":"closed","template":"blank-template.php","meta":{"om_disable_all_campaigns":false,"_monsterinsights_skip_tracking":false,"_monsterinsights_sitenote_active":false,"_monsterinsights_sitenote_note":"","_monsterinsights_sitenote_category":0,"_uf_show_specific_survey":0,"_uf_disable_surveys":false,"footnotes":""},"class_list":["post-30559","page","type-page","status-publish","hentry"],"aioseo_notices":[],"_links":{"self":[{"href":"https:\/\/declick.ch\/de\/wp-json\/wp\/v2\/pages\/30559","targetHints":{"allow":["GET"]}}],"collection":[{"href":"https:\/\/declick.ch\/de\/wp-json\/wp\/v2\/pages"}],"about":[{"href":"https:\/\/declick.ch\/de\/wp-json\/wp\/v2\/types\/page"}],"author":[{"embeddable":true,"href":"https:\/\/declick.ch\/de\/wp-json\/wp\/v2\/users\/1"}],"replies":[{"embeddable":true,"href":"https:\/\/declick.ch\/de\/wp-json\/wp\/v2\/comments?post=30559"}],"version-history":[{"count":38,"href":"https:\/\/declick.ch\/de\/wp-json\/wp\/v2\/pages\/30559\/revisions"}],"predecessor-version":[{"id":30608,"href":"https:\/\/declick.ch\/de\/wp-json\/wp\/v2\/pages\/30559\/revisions\/30608"}],"wp:attachment":[{"href":"https:\/\/declick.ch\/de\/wp-json\/wp\/v2\/media?parent=30559"}],"curies":[{"name":"wp","href":"https:\/\/api.w.org\/{rel}","templated":true}]}}